{"id":5856,"date":"2026-02-04T17:57:42","date_gmt":"2026-02-04T20:57:42","guid":{"rendered":"https:\/\/fotofloripa.estudion2.com.br\/?page_id=5856"},"modified":"2026-03-18T09:20:35","modified_gmt":"2026-03-18T12:20:35","slug":"santo-antonio-de-lisboa","status":"publish","type":"page","link":"https:\/\/fotofloripa.estudion2.com.br\/en\/florianopolis\/santo-antonio-de-lisboa\/","title":{"rendered":"Santo Ant\u00f4nio de Lisboa"},"content":{"rendered":"<div class=\"wp-block-stackable-columns stk-block-columns stk-block stk-b54d0bd\" data-block-id=\"b54d0bd\"><style>.stk-b54d0bd {margin-top:-40px !important;}<\/style><div class=\"stk-row stk-inner-blocks stk-block-content stk-content-align stk-b54d0bd-column\">\n<div class=\"wp-block-stackable-column stk-block-column stk-column stk-block stk-ef98282\" data-v=\"4\" data-block-id=\"ef98282\"><style>.stk-ef98282-inner-blocks{justify-content:space-between !important;}<\/style><div class=\"stk-column-wrapper stk-block-column__content stk-container stk-ef98282-container stk--no-background stk--no-padding\"><div class=\"stk--column-flex stk-block-content stk-inner-blocks stk-ef98282-inner-blocks\">\n<div class=\"wp-block-stackable-heading stk-block-heading stk-block-heading--v2 stk-block stk-c2c97e2\" id=\"heading-placeholder\" data-block-id=\"c2c97e2\"><h2 class=\"stk-block-heading__text\">Santo Ant\u00f4nio de Lisboa<\/h2><\/div>\n\n\n\n<div class=\"wp-block-stackable-text stk-block-text stk-block stk-ccc01dd\" data-block-id=\"ccc01dd\"><style>.stk-ccc01dd {margin-bottom:40px !important;}<\/style><p class=\"stk-block-text__text\">It is one of the most charming and historic neighborhoods in Florian\u00f3polis, ideal for those who want to experience traditional Floripa and enjoy something different from the beaches. The area combines Azorean-style houses, old streets, and calm waters. It is the perfect place for photo sessions with an elegant and timeless aesthetic, with a romantic atmosphere full of personality, ideal for those looking for photos with a cultural travel feel.<\/p><\/div>\n\n\n\n<div class=\"wp-block-stackable-columns stk-block-columns stk-block stk-acedde2\" data-block-id=\"acedde2\"><style>.stk-acedde2 .stk--block-align-acedde2{align-items:center !important;}.stk-acedde2 {margin-bottom:0px !important;}<\/style><div class=\"stk-row stk-inner-blocks stk--block-align-acedde2 stk-block-content stk-content-align stk-acedde2-column\">\n<div class=\"wp-block-stackable-column stk-block-column stk-column stk-block stk-1274ed2\" data-v=\"4\" data-block-id=\"1274ed2\"><style>.stk-1274ed2 {align-self:flex-start !important;}.stk-1274ed2-inner-blocks{justify-content:flex-start !important;}@media screen and (min-width:690px){.stk-1274ed2 {flex:var(--stk-flex-grow, 1) 1 calc(15% - var(--stk-column-gap, 0px) * 1 \/ 2 ) !important;}}<\/style><div class=\"stk-column-wrapper stk-block-column__content stk-container stk-1274ed2-container stk--no-background stk--no-padding\"><div class=\"stk--column-flex stk-block-content stk-inner-blocks stk-1274ed2-inner-blocks\">\n<div class=\"wp-block-stackable-icon stk-block-icon has-text-align-center stk-block stk-cdeda8a\" data-block-id=\"cdeda8a\"><span class=\"stk--svg-wrapper\"><div class=\"stk--inner-svg\"><svg style=\"height:0;width:0\"><defs><lineargradient id=\"linear-gradient-cdeda8a\" x1=\"0\" x2=\"100%\" y1=\"0\" y2=\"0\"><stop offset=\"0%\" style=\"stop-opacity:1;stop-color:var(--linear-gradient-cdeda-8-a-color-1)\"><\/stop><stop offset=\"100%\" style=\"stop-opacity:1;stop-color:var(--linear-gradient-cdeda-8-a-color-2)\"><\/stop><\/lineargradient><\/defs><\/svg><svg xmlns=\"http:\/\/www.w3.org\/2000\/svg\" viewbox=\"0 0 384 512\" aria-hidden=\"true\" width=\"32\" height=\"32\"><path d=\"M215.7 499.2C267 435 384 279.4 384 192C384 86 298 0 192 0S0 86 0 192c0 87.4 117 243 168.3 307.2c12.3 15.3 35.1 15.3 47.4 0zM192 128a64 64 0 1 1 0 128 64 64 0 1 1 0-128z\"\/><\/svg><\/div><\/span><\/div>\n<\/div><\/div><\/div>\n\n\n\n<div class=\"wp-block-stackable-column stk-block-column stk-column stk-block stk-8ce7a35\" data-v=\"4\" data-block-id=\"8ce7a35\"><style>@media screen and (min-width:690px){.stk-8ce7a35 {flex:var(--stk-flex-grow, 1) 1 calc(85% - var(--stk-column-gap, 0px) * 1 \/ 2 ) !important;}}<\/style><div class=\"stk-column-wrapper stk-block-column__content stk-container stk-8ce7a35-container stk--no-background stk--no-padding\"><div class=\"has-text-align-center-mobile stk-block-content stk-inner-blocks stk-8ce7a35-inner-blocks\">\n<div class=\"wp-block-stackable-text stk-block-text stk-block stk-6aa26d6\" data-block-id=\"6aa26d6\"><style>.stk-6aa26d6 {margin-bottom:2px !important;}.stk-6aa26d6 .stk-block-text__text{font-weight:bold !important;}<\/style><p class=\"stk-block-text__text\">Meeting Point<\/p><\/div>\n\n\n\n<div class=\"wp-block-stackable-text stk-block-text stk-block stk-b11a840\" data-block-id=\"b11a840\"><p class=\"stk-block-text__text\">Pra\u00e7a Rold\u00e3o da Rocha Pires<br>R. C\u00f4nego Serpa, 129, Santo Antonio de Lisboa, Florian\u00f3polis, SC<\/p><\/div>\n<\/div><\/div><\/div>\n<\/div><\/div>\n\n\n\n<div class=\"wp-block-stackable-columns stk-block-columns stk-block stk-79a37b1\" data-block-id=\"79a37b1\"><style>.stk-79a37b1 .stk--block-align-79a37b1{align-items:center !important;}.stk-79a37b1 {margin-bottom:0px !important;}<\/style><div class=\"stk-row stk-inner-blocks stk--block-align-79a37b1 stk-block-content stk-content-align stk-79a37b1-column\">\n<div class=\"wp-block-stackable-column stk-block-column stk-column stk-block stk-74641f8\" data-v=\"4\" data-block-id=\"74641f8\"><style>.stk-74641f8 {align-self:flex-start !important;}@media screen and (min-width:690px){.stk-74641f8 {flex:var(--stk-flex-grow, 1) 1 calc(15% - var(--stk-column-gap, 0px) * 1 \/ 2 ) !important;}}<\/style><div class=\"stk-column-wrapper stk-block-column__content stk-container stk-74641f8-container stk--no-background stk--no-padding\"><div class=\"stk-block-content stk-inner-blocks stk-74641f8-inner-blocks\">\n<div class=\"wp-block-stackable-icon stk-block-icon has-text-align-center stk-block stk-44fc060\" data-block-id=\"44fc060\"><span class=\"stk--svg-wrapper\"><div class=\"stk--inner-svg\"><svg style=\"height:0;width:0\"><defs><lineargradient id=\"linear-gradient-44fc060\" x1=\"0\" x2=\"100%\" y1=\"0\" y2=\"0\"><stop offset=\"0%\" style=\"stop-opacity:1;stop-color:var(--linear-gradient-44-fc-060-color-1)\"><\/stop><stop offset=\"100%\" style=\"stop-opacity:1;stop-color:var(--linear-gradient-44-fc-060-color-2)\"><\/stop><\/lineargradient><\/defs><\/svg><svg xmlns=\"http:\/\/www.w3.org\/2000\/svg\" viewbox=\"0 0 576 512\" aria-hidden=\"true\" width=\"32\" height=\"32\"><path d=\"M565.6 36.2C572.1 40.7 576 48.1 576 56V392c0 10-6.2 18.9-15.5 22.4l-168 64c-5.2 2-10.9 2.1-16.1 .3L192.5 417.5l-160 61c-7.4 2.8-15.7 1.8-22.2-2.7S0 463.9 0 456V120c0-10 6.1-18.9 15.5-22.4l168-64c5.2-2 10.9-2.1 16.1-.3L383.5 94.5l160-61c7.4-2.8 15.7-1.8 22.2 2.7zM48 136.5V421.2l120-45.7V90.8L48 136.5zM360 422.7V137.3l-144-48V374.7l144 48zm48-1.5l120-45.7V90.8L408 136.5V421.2z\"\/><\/svg><\/div><\/span><\/div>\n<\/div><\/div><\/div>\n\n\n\n<div class=\"wp-block-stackable-column stk-block-column stk-column stk-block stk-4691753\" data-v=\"4\" data-block-id=\"4691753\"><style>@media screen and (min-width:690px){.stk-4691753 {flex:var(--stk-flex-grow, 1) 1 calc(85% - var(--stk-column-gap, 0px) * 1 \/ 2 ) !important;}}<\/style><div class=\"stk-column-wrapper stk-block-column__content stk-container stk-4691753-container stk--no-background stk--no-padding\"><div class=\"has-text-align-center-mobile stk-block-content stk-inner-blocks stk-4691753-inner-blocks\">\n<div class=\"wp-block-stackable-text stk-block-text stk-block stk-074cb7d\" data-block-id=\"074cb7d\"><style>.stk-074cb7d {margin-bottom:2px !important;}.stk-074cb7d .stk-block-text__text{font-weight:bold !important;}<\/style><p class=\"stk-block-text__text\">Location<\/p><\/div>\n\n\n\n<div class=\"wp-block-stackable-text stk-block-text stk-block stk-9529fc5\" data-block-id=\"9529fc5\"><p class=\"stk-block-text__text\">13 km from Canasvieiras<br>12 km from downtown Florian\u00f3polis<br>20 km from Herc\u00edlio Luz International Airport<\/p><\/div>\n<\/div><\/div><\/div>\n<\/div><\/div>\n\n\n\n<div class=\"wp-block-stackable-columns stk-block-columns stk-block stk-f3c4f95\" data-block-id=\"f3c4f95\"><style>.stk-f3c4f95 .stk--block-align-f3c4f95{align-items:center !important;}.stk-f3c4f95 {margin-bottom:0px !important;}<\/style><div class=\"stk-row stk-inner-blocks stk--block-align-f3c4f95 stk-block-content stk-content-align stk-f3c4f95-column\">\n<div class=\"wp-block-stackable-column stk-block-column stk-column stk-block stk-9b07dd0\" data-v=\"4\" data-block-id=\"9b07dd0\"><style>.stk-9b07dd0 {align-self:flex-start !important;}.stk-9b07dd0-inner-blocks{justify-content:flex-start !important;}@media screen and (min-width:690px){.stk-9b07dd0 {flex:var(--stk-flex-grow, 1) 1 calc(15% - var(--stk-column-gap, 0px) * 1 \/ 2 ) !important;}}<\/style><div class=\"stk-column-wrapper stk-block-column__content stk-container stk-9b07dd0-container stk--no-background stk--no-padding\"><div class=\"stk--column-flex stk-block-content stk-inner-blocks stk-9b07dd0-inner-blocks\">\n<div class=\"wp-block-stackable-icon stk-block-icon has-text-align-center stk-block stk-cb1d889\" data-block-id=\"cb1d889\"><span class=\"stk--svg-wrapper\"><div class=\"stk--inner-svg\"><svg style=\"height:0;width:0\"><defs><lineargradient id=\"linear-gradient-cb1d889\" x1=\"0\" x2=\"100%\" y1=\"0\" y2=\"0\"><stop offset=\"0%\" style=\"stop-opacity:1;stop-color:var(--linear-gradient-cb-1-d-889-color-1)\"><\/stop><stop offset=\"100%\" style=\"stop-opacity:1;stop-color:var(--linear-gradient-cb-1-d-889-color-2)\"><\/stop><\/lineargradient><\/defs><\/svg><svg xmlns=\"http:\/\/www.w3.org\/2000\/svg\" viewbox=\"0 0 576 512\" aria-hidden=\"true\" width=\"32\" height=\"32\"><path d=\"M287.9 0c9.2 0 17.6 5.2 21.6 13.5l68.6 141.3 153.2 22.6c9 1.3 16.5 7.6 19.3 16.3s.5 18.1-5.9 24.5L433.6 328.4l26.2 155.6c1.5 9-2.2 18.1-9.7 23.5s-17.3 6-25.3 1.7l-137-73.2L151 509.1c-8.1 4.3-17.9 3.7-25.3-1.7s-11.2-14.5-9.7-23.5l26.2-155.6L31.1 218.2c-6.5-6.4-8.7-15.9-5.9-24.5s10.3-14.9 19.3-16.3l153.2-22.6L266.3 13.5C270.4 5.2 278.7 0 287.9 0zm0 79L235.4 187.2c-3.5 7.1-10.2 12.1-18.1 13.3L99 217.9 184.9 303c5.5 5.5 8.1 13.3 6.8 21L171.4 443.7l105.2-56.2c7.1-3.8 15.6-3.8 22.6 0l105.2 56.2L384.2 324.1c-1.3-7.7 1.2-15.5 6.8-21l85.9-85.1L358.6 200.5c-7.8-1.2-14.6-6.1-18.1-13.3L287.9 79z\"\/><\/svg><\/div><\/span><\/div>\n<\/div><\/div><\/div>\n\n\n\n<div class=\"wp-block-stackable-column stk-block-column stk-column stk-block stk-13fef93\" data-v=\"4\" data-block-id=\"13fef93\"><style>@media screen and (min-width:690px){.stk-13fef93 {flex:var(--stk-flex-grow, 1) 1 calc(85% - var(--stk-column-gap, 0px) * 1 \/ 2 ) !important;}}<\/style><div class=\"stk-column-wrapper stk-block-column__content stk-container stk-13fef93-container stk--no-background stk--no-padding\"><div class=\"has-text-align-center-mobile stk-block-content stk-inner-blocks stk-13fef93-inner-blocks\">\n<div class=\"wp-block-stackable-text stk-block-text stk-block stk-d4da8ba\" data-block-id=\"d4da8ba\"><style>.stk-d4da8ba {margin-bottom:2px !important;}.stk-d4da8ba .stk-block-text__text{font-weight:bold !important;}<\/style><p class=\"stk-block-text__text\">Highlight<\/p><\/div>\n\n\n\n<div class=\"wp-block-stackable-text stk-block-text stk-block stk-010fbbe\" data-block-id=\"010fbbe\"><p class=\"stk-block-text__text\">Azorean-style houses and historic streets<\/p><\/div>\n<\/div><\/div><\/div>\n<\/div><\/div>\n\n\n\n<div class=\"wp-block-stackable-columns stk-block-columns stk-block stk-126f962\" data-block-id=\"126f962\"><style>.stk-126f962 .stk--block-align-126f962{align-items:center !important;}.stk-126f962 {margin-bottom:0px !important;}<\/style><div class=\"stk-row stk-inner-blocks stk--block-align-126f962 stk-block-content stk-content-align stk-126f962-column\">\n<div class=\"wp-block-stackable-column stk-block-column stk-column stk-block stk-21bcdcb\" data-v=\"4\" data-block-id=\"21bcdcb\"><style>.stk-21bcdcb {align-self:flex-start !important;}@media screen and (min-width:690px){.stk-21bcdcb {flex:var(--stk-flex-grow, 1) 1 calc(15% - var(--stk-column-gap, 0px) * 1 \/ 2 ) !important;}}<\/style><div class=\"stk-column-wrapper stk-block-column__content stk-container stk-21bcdcb-container stk--no-background stk--no-padding\"><div class=\"stk-block-content stk-inner-blocks stk-21bcdcb-inner-blocks\">\n<div class=\"wp-block-stackable-icon stk-block-icon has-text-align-center stk-block stk-4af2ef7\" data-block-id=\"4af2ef7\"><span class=\"stk--svg-wrapper\"><div class=\"stk--inner-svg\"><svg style=\"height:0;width:0\"><defs><lineargradient id=\"linear-gradient-4af2ef7\" x1=\"0\" x2=\"100%\" y1=\"0\" y2=\"0\"><stop offset=\"0%\" style=\"stop-opacity:1;stop-color:var(--linear-gradient-4-af-2-ef-7-color-1)\"><\/stop><stop offset=\"100%\" style=\"stop-opacity:1;stop-color:var(--linear-gradient-4-af-2-ef-7-color-2)\"><\/stop><\/lineargradient><\/defs><\/svg><svg xmlns=\"http:\/\/www.w3.org\/2000\/svg\" viewbox=\"0 0 512 512\" aria-hidden=\"true\" width=\"32\" height=\"32\"><path d=\"M152.1 38.2c9.9 8.9 10.7 24 1.8 33.9l-72 80c-4.4 4.9-10.6 7.8-17.2 7.9s-12.9-2.4-17.6-7L7 113C-2.3 103.6-2.3 88.4 7 79s24.6-9.4 33.9 0l22.1 22.1 55.1-61.2c8.9-9.9 24-10.7 33.9-1.8zm0 160c9.9 8.9 10.7 24 1.8 33.9l-72 80c-4.4 4.9-10.6 7.8-17.2 7.9s-12.9-2.4-17.6-7L7 273c-9.4-9.4-9.4-24.6 0-33.9s24.6-9.4 33.9 0l22.1 22.1 55.1-61.2c8.9-9.9 24-10.7 33.9-1.8zM224 96c0-17.7 14.3-32 32-32H480c17.7 0 32 14.3 32 32s-14.3 32-32 32H256c-17.7 0-32-14.3-32-32zm0 160c0-17.7 14.3-32 32-32H480c17.7 0 32 14.3 32 32s-14.3 32-32 32H256c-17.7 0-32-14.3-32-32zM160 416c0-17.7 14.3-32 32-32H480c17.7 0 32 14.3 32 32s-14.3 32-32 32H192c-17.7 0-32-14.3-32-32zM48 368a48 48 0 1 1 0 96 48 48 0 1 1 0-96z\"\/><\/svg><\/div><\/span><\/div>\n<\/div><\/div><\/div>\n\n\n\n<div class=\"wp-block-stackable-column stk-block-column stk-column stk-block stk-3e8593b\" data-v=\"4\" data-block-id=\"3e8593b\"><style>@media screen and (min-width:690px){.stk-3e8593b {flex:var(--stk-flex-grow, 1) 1 calc(85% - var(--stk-column-gap, 0px) * 1 \/ 2 ) !important;}}<\/style><div class=\"stk-column-wrapper stk-block-column__content stk-container stk-3e8593b-container stk--no-background stk--no-padding\"><div class=\"has-text-align-center-mobile stk-block-content stk-inner-blocks stk-3e8593b-inner-blocks\">\n<div class=\"wp-block-stackable-text stk-block-text stk-block stk-40370d2\" data-block-id=\"40370d2\"><style>.stk-40370d2 {margin-bottom:2px !important;}.stk-40370d2 .stk-block-text__text{font-weight:bold !important;}<\/style><p class=\"stk-block-text__text\">Features<\/p><\/div>\n\n\n\n<div class=\"wp-block-stackable-text stk-block-text stk-block stk-f33e06e\" data-block-id=\"f33e06e\"><p class=\"stk-block-text__text\">\u2013 Azorean-style houses and historic streets<br>\u2013 Calm sea and open scenery<br>\u2013 Elegant and timeless scenery<br>\u2013 Excellent dining options in the area<\/p><\/div>\n<\/div><\/div><\/div>\n<\/div><\/div>\n\n\n\n<div class=\"wp-block-stackable-columns stk-block-columns stk-block stk-c88797b\" data-block-id=\"c88797b\"><style>.stk-c88797b .stk--block-align-c88797b{align-items:center !important;}.stk-c88797b {margin-bottom:0px !important;}<\/style><div class=\"stk-row stk-inner-blocks stk--block-align-c88797b stk-block-content stk-content-align stk-c88797b-column\">\n<div class=\"wp-block-stackable-column stk-block-column stk-column stk-block stk-55764e9\" data-v=\"4\" data-block-id=\"55764e9\"><style>.stk-55764e9 {align-self:flex-start !important;}@media screen and (min-width:690px){.stk-55764e9 {flex:var(--stk-flex-grow, 1) 1 calc(15% - var(--stk-column-gap, 0px) * 1 \/ 2 ) !important;}}<\/style><div class=\"stk-column-wrapper stk-block-column__content stk-container stk-55764e9-container stk--no-background stk--no-padding\"><div class=\"stk-block-content stk-inner-blocks stk-55764e9-inner-blocks\">\n<div class=\"wp-block-stackable-icon stk-block-icon has-text-align-center stk-block stk-7042486\" data-block-id=\"7042486\"><span class=\"stk--svg-wrapper\"><div class=\"stk--inner-svg\"><svg style=\"height:0;width:0\"><defs><lineargradient id=\"linear-gradient-7042486\" x1=\"0\" x2=\"100%\" y1=\"0\" y2=\"0\"><stop offset=\"0%\" style=\"stop-opacity:1;stop-color:var(--linear-gradient-7042486-color-1)\"><\/stop><stop offset=\"100%\" style=\"stop-opacity:1;stop-color:var(--linear-gradient-7042486-color-2)\"><\/stop><\/lineargradient><\/defs><\/svg><svg xmlns=\"http:\/\/www.w3.org\/2000\/svg\" viewbox=\"0 0 384 512\" aria-hidden=\"true\" width=\"32\" height=\"32\"><path d=\"M297.2 248.9C311.6 228.3 320 203.2 320 176c0-70.7-57.3-128-128-128S64 105.3 64 176c0 27.2 8.4 52.3 22.8 72.9c3.7 5.3 8.1 11.3 12.8 17.7l0 0c12.9 17.7 28.3 38.9 39.8 59.8c10.4 19 15.7 38.8 18.3 57.5H109c-2.2-12-5.9-23.7-11.8-34.5c-9.9-18-22.2-34.9-34.5-51.8l0 0 0 0c-5.2-7.1-10.4-14.2-15.4-21.4C27.6 247.9 16 213.3 16 176C16 78.8 94.8 0 192 0s176 78.8 176 176c0 37.3-11.6 71.9-31.4 100.3c-5 7.2-10.2 14.3-15.4 21.4l0 0 0 0c-12.3 16.8-24.6 33.7-34.5 51.8c-5.9 10.8-9.6 22.5-11.8 34.5H226.4c2.6-18.7 7.9-38.6 18.3-57.5c11.5-20.9 26.9-42.1 39.8-59.8l0 0 0 0 0 0c4.7-6.4 9-12.4 12.7-17.7zM192 128c-26.5 0-48 21.5-48 48c0 8.8-7.2 16-16 16s-16-7.2-16-16c0-44.2 35.8-80 80-80c8.8 0 16 7.2 16 16s-7.2 16-16 16zm0 384c-44.2 0-80-35.8-80-80V416H272v16c0 44.2-35.8 80-80 80z\"\/><\/svg><\/div><\/span><\/div>\n<\/div><\/div><\/div>\n\n\n\n<div class=\"wp-block-stackable-column stk-block-column stk-column stk-block stk-a35a1d8\" data-v=\"4\" data-block-id=\"a35a1d8\"><style>@media screen and (min-width:690px){.stk-a35a1d8 {flex:var(--stk-flex-grow, 1) 1 calc(85% - var(--stk-column-gap, 0px) * 1 \/ 2 ) !important;}}<\/style><div class=\"stk-column-wrapper stk-block-column__content stk-container stk-a35a1d8-container stk--no-background stk--no-padding\"><div class=\"has-text-align-center-mobile stk-block-content stk-inner-blocks stk-a35a1d8-inner-blocks\">\n<div class=\"wp-block-stackable-text stk-block-text stk-block stk-dd6d388\" data-block-id=\"dd6d388\"><style>.stk-dd6d388 {margin-bottom:2px !important;}.stk-dd6d388 .stk-block-text__text{font-weight:bold !important;}<\/style><p class=\"stk-block-text__text\">Tips for the Photo Session<\/p><\/div>\n\n\n\n<div class=\"wp-block-stackable-text stk-block-text stk-block stk-aba9126\" data-block-id=\"aba9126\"><p class=\"stk-block-text__text\">Best time: early morning<br>Movement: moderate, with higher flow in the late afternoon and on weekends.<br>Recommended for: couples, honeymoon, marriage proposal, families with children and seniors, individual session.<\/p><\/div>\n<\/div><\/div><\/div>\n<\/div><\/div>\n\n\n\n<div class=\"wp-block-stackable-button-group stk-block-button-group stk-block stk-0da204b\" data-block-id=\"0da204b\"><div class=\"stk-row stk-inner-blocks has-text-align-center stk-block-content stk-button-group\">\n<div class=\"wp-block-stackable-button stk-block-button has-text-align-center is-style-ghost stk-block stk-aadc818\" data-block-id=\"aadc818\"><style>.stk-aadc818 , .stk-aadc818 .stk-button{width:100% !important;}.stk-aadc818 {flex:1 0 var(--stk-button-group-flex-wrap, 0) !important;}.stk-aadc818 .stk-button{background:transparent !important;}.stk-aadc818 .stk-button:hover:after{background:var(--theme-palette-color-2, #25ad99) !important;opacity:1 !important;}:where(.stk-hover-parent:hover,  .stk-hover-parent.stk--is-hovered) .stk-aadc818 .stk-button:after{background:transparent !important;opacity:1 !important;}.stk-aadc818 .stk-button:before{border-style:solid !important;}.stk-aadc818 .stk-button:hover .stk-button__inner-text{color:var(--theme-palette-color-8, #ffffff) !important;}<\/style><a class=\"stk-link stk-button stk--hover-effect-darken\" href=\"javascript:window.parent.postMessage({type:'CT_CLOSE_AND_GO', target:'#agenda'}, '*');\"><span class=\"stk-button__inner-text\">Book Your Session<\/span><\/a><\/div>\n<\/div><\/div>\n\n\n\n<div class=\"wp-block-stackable-map stk-block-map stk-block stk-e437cf3\" data-block-id=\"e437cf3\"><iframe\n\t\t\t\t\t\ttitle=\"Embedded content from the Google Maps platform.\"\n\t\t\t\t\t\tsrc=\"https:\/\/maps.google.com\/maps?q=R. C\u00f4nego Serpa, 129 - Santo Antonio de Lisboa, Florian\u00f3polis - SC, 88050-402&#038;t=&#038;z=12&#038;ie=UTF8&#038;output=embed\"\n\t\t\t\t\t\tstyle=\"border:0;width:100%;max-width:none;max-height:none;height:100%;\"\n\t\t\t\t\t\taria-hidden=\"false\"\n\t\t\t\t\t\ttabindex=\"0\"\n\t\t\t\t\t\tallowfullscreen\n\t\t\t\t\t\tloading=\"lazy\"\n\t\t\t\t\t\tframeborder=\"0\"\n\t\t\t\t\t><\/iframe><\/div>\n<\/div><\/div><\/div>\n<\/div><\/div>","protected":false},"excerpt":{"rendered":"<p>Santo Ant\u00f4nio de Lisboa \u00c9 um dos bairros mais charmosos e hist\u00f3ricos de Florian\u00f3polis, indicado para conhecer a Floripa tradicional e viver uma experi\u00eancia diferente das praias. A regi\u00e3o combina casario a\u00e7oriano, ruas antigas e mar calmo. \u00c9 o local perfeito para ensaios com est\u00e9tica mais elegante e atemporal, com clima rom\u00e2ntico e cheio de [&hellip;]<\/p>\n","protected":false},"author":4,"featured_media":0,"parent":5417,"menu_order":8,"comment_status":"closed","ping_status":"closed","template":"","meta":{"footnotes":""},"class_list":["post-5856","page","type-page","status-publish","hentry"],"blocksy_meta":{"disable_header":"yes","disable_footer":"yes","has_hero_section":"disabled","styles_descriptor":{"styles":{"desktop":"","tablet":"","mobile":""},"google_fonts":[],"version":6}},"_links":{"self":[{"href":"https:\/\/fotofloripa.estudion2.com.br\/en\/wp-json\/wp\/v2\/pages\/5856","targetHints":{"allow":["GET"]}}],"collection":[{"href":"https:\/\/fotofloripa.estudion2.com.br\/en\/wp-json\/wp\/v2\/pages"}],"about":[{"href":"https:\/\/fotofloripa.estudion2.com.br\/en\/wp-json\/wp\/v2\/types\/page"}],"author":[{"embeddable":true,"href":"https:\/\/fotofloripa.estudion2.com.br\/en\/wp-json\/wp\/v2\/users\/4"}],"replies":[{"embeddable":true,"href":"https:\/\/fotofloripa.estudion2.com.br\/en\/wp-json\/wp\/v2\/comments?post=5856"}],"version-history":[{"count":1,"href":"https:\/\/fotofloripa.estudion2.com.br\/en\/wp-json\/wp\/v2\/pages\/5856\/revisions"}],"predecessor-version":[{"id":6426,"href":"https:\/\/fotofloripa.estudion2.com.br\/en\/wp-json\/wp\/v2\/pages\/5856\/revisions\/6426"}],"up":[{"embeddable":true,"href":"https:\/\/fotofloripa.estudion2.com.br\/en\/wp-json\/wp\/v2\/pages\/5417"}],"wp:attachment":[{"href":"https:\/\/fotofloripa.estudion2.com.br\/en\/wp-json\/wp\/v2\/media?parent=5856"}],"curies":[{"name":"wp","href":"https:\/\/api.w.org\/{rel}","templated":true}]}}