{"id":5858,"date":"2026-02-04T17:54:35","date_gmt":"2026-02-04T20:54:35","guid":{"rendered":"https:\/\/fotofloripa.estudion2.com.br\/?page_id=5858"},"modified":"2026-03-18T09:19:55","modified_gmt":"2026-03-18T12:19:55","slug":"ribeirao-da-ilha","status":"publish","type":"page","link":"https:\/\/fotofloripa.estudion2.com.br\/en\/florianopolis\/ribeirao-da-ilha\/","title":{"rendered":"Ribeir\u00e3o da Ilha"},"content":{"rendered":"<div class=\"wp-block-stackable-columns stk-block-columns stk-block stk-8d030d1\" data-block-id=\"8d030d1\"><style>.stk-8d030d1 {margin-top:-40px !important;}<\/style><div class=\"stk-row stk-inner-blocks stk-block-content stk-content-align stk-8d030d1-column\">\n<div class=\"wp-block-stackable-column stk-block-column stk-column stk-block stk-d1bfd61\" data-v=\"4\" data-block-id=\"d1bfd61\"><style>.stk-d1bfd61-inner-blocks{justify-content:space-between !important;}<\/style><div class=\"stk-column-wrapper stk-block-column__content stk-container stk-d1bfd61-container stk--no-background stk--no-padding\"><div class=\"stk--column-flex stk-block-content stk-inner-blocks stk-d1bfd61-inner-blocks\">\n<div class=\"wp-block-stackable-heading stk-block-heading stk-block-heading--v2 stk-block stk-a10fe6a\" id=\"heading-placeholder\" data-block-id=\"a10fe6a\"><h2 class=\"stk-block-heading__text\">Ribeir\u00e3o da Ilha<\/h2><\/div>\n\n\n\n<div class=\"wp-block-stackable-text stk-block-text stk-block stk-f4e88a7\" data-block-id=\"f4e88a7\"><style>.stk-f4e88a7 {margin-bottom:40px !important;}<\/style><p class=\"stk-block-text__text\">It is one of the most traditional and charming places in southern Florian\u00f3polis. The area combines Azorean-style houses, quiet streets, and calm waters, creating the perfect setting for photo sessions with an elegant and timeless aesthetic. It is an ideal location for light and sophisticated photos, with a romantic and cultural atmosphere, perfect for those who want to capture their trip with a look different from the more famous beaches.<\/p><\/div>\n\n\n\n<div class=\"wp-block-stackable-columns stk-block-columns stk-block stk-f2b6bab\" data-block-id=\"f2b6bab\"><style>.stk-f2b6bab .stk--block-align-f2b6bab{align-items:center !important;}.stk-f2b6bab {margin-bottom:0px !important;}<\/style><div class=\"stk-row stk-inner-blocks stk--block-align-f2b6bab stk-block-content stk-content-align stk-f2b6bab-column\">\n<div class=\"wp-block-stackable-column stk-block-column stk-column stk-block stk-bc1c158\" data-v=\"4\" data-block-id=\"bc1c158\"><style>.stk-bc1c158 {align-self:flex-start !important;}.stk-bc1c158-inner-blocks{justify-content:flex-start !important;}@media screen and (min-width:690px){.stk-bc1c158 {flex:var(--stk-flex-grow, 1) 1 calc(15% - var(--stk-column-gap, 0px) * 1 \/ 2 ) !important;}}<\/style><div class=\"stk-column-wrapper stk-block-column__content stk-container stk-bc1c158-container stk--no-background stk--no-padding\"><div class=\"stk--column-flex stk-block-content stk-inner-blocks stk-bc1c158-inner-blocks\">\n<div class=\"wp-block-stackable-icon stk-block-icon has-text-align-center stk-block stk-c0b2a5f\" data-block-id=\"c0b2a5f\"><span class=\"stk--svg-wrapper\"><div class=\"stk--inner-svg\"><svg style=\"height:0;width:0\"><defs><lineargradient id=\"linear-gradient-c0b2a5f\" x1=\"0\" x2=\"100%\" y1=\"0\" y2=\"0\"><stop offset=\"0%\" style=\"stop-opacity:1;stop-color:var(--linear-gradient-c-0-b-2-a-5-f-color-1)\"><\/stop><stop offset=\"100%\" style=\"stop-opacity:1;stop-color:var(--linear-gradient-c-0-b-2-a-5-f-color-2)\"><\/stop><\/lineargradient><\/defs><\/svg><svg xmlns=\"http:\/\/www.w3.org\/2000\/svg\" viewbox=\"0 0 384 512\" aria-hidden=\"true\" width=\"32\" height=\"32\"><path d=\"M215.7 499.2C267 435 384 279.4 384 192C384 86 298 0 192 0S0 86 0 192c0 87.4 117 243 168.3 307.2c12.3 15.3 35.1 15.3 47.4 0zM192 128a64 64 0 1 1 0 128 64 64 0 1 1 0-128z\"\/><\/svg><\/div><\/span><\/div>\n<\/div><\/div><\/div>\n\n\n\n<div class=\"wp-block-stackable-column stk-block-column stk-column stk-block stk-6c96dcd\" data-v=\"4\" data-block-id=\"6c96dcd\"><style>@media screen and (min-width:690px){.stk-6c96dcd {flex:var(--stk-flex-grow, 1) 1 calc(85% - var(--stk-column-gap, 0px) * 1 \/ 2 ) !important;}}<\/style><div class=\"stk-column-wrapper stk-block-column__content stk-container stk-6c96dcd-container stk--no-background stk--no-padding\"><div class=\"has-text-align-center-mobile stk-block-content stk-inner-blocks stk-6c96dcd-inner-blocks\">\n<div class=\"wp-block-stackable-text stk-block-text stk-block stk-5dafd93\" data-block-id=\"5dafd93\"><style>.stk-5dafd93 {margin-bottom:2px !important;}.stk-5dafd93 .stk-block-text__text{font-weight:bold !important;}<\/style><p class=\"stk-block-text__text\">Meeting Point<\/p><\/div>\n\n\n\n<div class=\"wp-block-stackable-text stk-block-text stk-block stk-bcf811f\" data-block-id=\"bcf811f\"><p class=\"stk-block-text__text\">Pra\u00e7a Herm\u00ednio Silva<br>R. Alberto Cavalheiro, 238, Ribeir\u00e3o da Ilha, Florian\u00f3polis, SC<\/p><\/div>\n<\/div><\/div><\/div>\n<\/div><\/div>\n\n\n\n<div class=\"wp-block-stackable-columns stk-block-columns stk-block stk-4acd29e\" data-block-id=\"4acd29e\"><style>.stk-4acd29e .stk--block-align-4acd29e{align-items:center !important;}.stk-4acd29e {margin-bottom:0px !important;}<\/style><div class=\"stk-row stk-inner-blocks stk--block-align-4acd29e stk-block-content stk-content-align stk-4acd29e-column\">\n<div class=\"wp-block-stackable-column stk-block-column stk-column stk-block stk-b33f4a3\" data-v=\"4\" data-block-id=\"b33f4a3\"><style>.stk-b33f4a3 {align-self:flex-start !important;}@media screen and (min-width:690px){.stk-b33f4a3 {flex:var(--stk-flex-grow, 1) 1 calc(15% - var(--stk-column-gap, 0px) * 1 \/ 2 ) !important;}}<\/style><div class=\"stk-column-wrapper stk-block-column__content stk-container stk-b33f4a3-container stk--no-background stk--no-padding\"><div class=\"stk-block-content stk-inner-blocks stk-b33f4a3-inner-blocks\">\n<div class=\"wp-block-stackable-icon stk-block-icon has-text-align-center stk-block stk-84a3cc0\" data-block-id=\"84a3cc0\"><span class=\"stk--svg-wrapper\"><div class=\"stk--inner-svg\"><svg style=\"height:0;width:0\"><defs><lineargradient id=\"linear-gradient-84a3cc0\" x1=\"0\" x2=\"100%\" y1=\"0\" y2=\"0\"><stop offset=\"0%\" style=\"stop-opacity:1;stop-color:var(--linear-gradient-84-a-3-cc-0-color-1)\"><\/stop><stop offset=\"100%\" style=\"stop-opacity:1;stop-color:var(--linear-gradient-84-a-3-cc-0-color-2)\"><\/stop><\/lineargradient><\/defs><\/svg><svg xmlns=\"http:\/\/www.w3.org\/2000\/svg\" viewbox=\"0 0 576 512\" aria-hidden=\"true\" width=\"32\" height=\"32\"><path d=\"M565.6 36.2C572.1 40.7 576 48.1 576 56V392c0 10-6.2 18.9-15.5 22.4l-168 64c-5.2 2-10.9 2.1-16.1 .3L192.5 417.5l-160 61c-7.4 2.8-15.7 1.8-22.2-2.7S0 463.9 0 456V120c0-10 6.1-18.9 15.5-22.4l168-64c5.2-2 10.9-2.1 16.1-.3L383.5 94.5l160-61c7.4-2.8 15.7-1.8 22.2 2.7zM48 136.5V421.2l120-45.7V90.8L48 136.5zM360 422.7V137.3l-144-48V374.7l144 48zm48-1.5l120-45.7V90.8L408 136.5V421.2z\"\/><\/svg><\/div><\/span><\/div>\n<\/div><\/div><\/div>\n\n\n\n<div class=\"wp-block-stackable-column stk-block-column stk-column stk-block stk-8d33871\" data-v=\"4\" data-block-id=\"8d33871\"><style>@media screen and (min-width:690px){.stk-8d33871 {flex:var(--stk-flex-grow, 1) 1 calc(85% - var(--stk-column-gap, 0px) * 1 \/ 2 ) !important;}}<\/style><div class=\"stk-column-wrapper stk-block-column__content stk-container stk-8d33871-container stk--no-background stk--no-padding\"><div class=\"has-text-align-center-mobile stk-block-content stk-inner-blocks stk-8d33871-inner-blocks\">\n<div class=\"wp-block-stackable-text stk-block-text stk-block stk-e122bc8\" data-block-id=\"e122bc8\"><style>.stk-e122bc8 {margin-bottom:2px !important;}.stk-e122bc8 .stk-block-text__text{font-weight:bold !important;}<\/style><p class=\"stk-block-text__text\">Location<\/p><\/div>\n\n\n\n<div class=\"wp-block-stackable-text stk-block-text stk-block stk-93ae06e\" data-block-id=\"93ae06e\"><p class=\"stk-block-text__text\">South of the Island<br>45 km from Canasvieiras<br>24 km from downtown Florian\u00f3polis<br>15 km from Herc\u00edlio Luz International Airport<\/p><\/div>\n<\/div><\/div><\/div>\n<\/div><\/div>\n\n\n\n<div class=\"wp-block-stackable-columns stk-block-columns stk-block stk-69bb669\" data-block-id=\"69bb669\"><style>.stk-69bb669 .stk--block-align-69bb669{align-items:center !important;}.stk-69bb669 {margin-bottom:0px !important;}<\/style><div class=\"stk-row stk-inner-blocks stk--block-align-69bb669 stk-block-content stk-content-align stk-69bb669-column\">\n<div class=\"wp-block-stackable-column stk-block-column stk-column stk-block stk-af4a772\" data-v=\"4\" data-block-id=\"af4a772\"><style>.stk-af4a772 {align-self:flex-start !important;}.stk-af4a772-inner-blocks{justify-content:flex-start !important;}@media screen and (min-width:690px){.stk-af4a772 {flex:var(--stk-flex-grow, 1) 1 calc(15% - var(--stk-column-gap, 0px) * 1 \/ 2 ) !important;}}<\/style><div class=\"stk-column-wrapper stk-block-column__content stk-container stk-af4a772-container stk--no-background stk--no-padding\"><div class=\"stk--column-flex stk-block-content stk-inner-blocks stk-af4a772-inner-blocks\">\n<div class=\"wp-block-stackable-icon stk-block-icon has-text-align-center stk-block stk-440e484\" data-block-id=\"440e484\"><span class=\"stk--svg-wrapper\"><div class=\"stk--inner-svg\"><svg style=\"height:0;width:0\"><defs><lineargradient id=\"linear-gradient-440e484\" x1=\"0\" x2=\"100%\" y1=\"0\" y2=\"0\"><stop offset=\"0%\" style=\"stop-opacity:1;stop-color:var(--linear-gradient-440-e-484-color-1)\"><\/stop><stop offset=\"100%\" style=\"stop-opacity:1;stop-color:var(--linear-gradient-440-e-484-color-2)\"><\/stop><\/lineargradient><\/defs><\/svg><svg xmlns=\"http:\/\/www.w3.org\/2000\/svg\" viewbox=\"0 0 576 512\" aria-hidden=\"true\" width=\"32\" height=\"32\"><path d=\"M287.9 0c9.2 0 17.6 5.2 21.6 13.5l68.6 141.3 153.2 22.6c9 1.3 16.5 7.6 19.3 16.3s.5 18.1-5.9 24.5L433.6 328.4l26.2 155.6c1.5 9-2.2 18.1-9.7 23.5s-17.3 6-25.3 1.7l-137-73.2L151 509.1c-8.1 4.3-17.9 3.7-25.3-1.7s-11.2-14.5-9.7-23.5l26.2-155.6L31.1 218.2c-6.5-6.4-8.7-15.9-5.9-24.5s10.3-14.9 19.3-16.3l153.2-22.6L266.3 13.5C270.4 5.2 278.7 0 287.9 0zm0 79L235.4 187.2c-3.5 7.1-10.2 12.1-18.1 13.3L99 217.9 184.9 303c5.5 5.5 8.1 13.3 6.8 21L171.4 443.7l105.2-56.2c7.1-3.8 15.6-3.8 22.6 0l105.2 56.2L384.2 324.1c-1.3-7.7 1.2-15.5 6.8-21l85.9-85.1L358.6 200.5c-7.8-1.2-14.6-6.1-18.1-13.3L287.9 79z\"\/><\/svg><\/div><\/span><\/div>\n<\/div><\/div><\/div>\n\n\n\n<div class=\"wp-block-stackable-column stk-block-column stk-column stk-block stk-6ff42c1\" data-v=\"4\" data-block-id=\"6ff42c1\"><style>@media screen and (min-width:690px){.stk-6ff42c1 {flex:var(--stk-flex-grow, 1) 1 calc(85% - var(--stk-column-gap, 0px) * 1 \/ 2 ) !important;}}<\/style><div class=\"stk-column-wrapper stk-block-column__content stk-container stk-6ff42c1-container stk--no-background stk--no-padding\"><div class=\"has-text-align-center-mobile stk-block-content stk-inner-blocks stk-6ff42c1-inner-blocks\">\n<div class=\"wp-block-stackable-text stk-block-text stk-block stk-7f899d0\" data-block-id=\"7f899d0\"><style>.stk-7f899d0 {margin-bottom:2px !important;}.stk-7f899d0 .stk-block-text__text{font-weight:bold !important;}<\/style><p class=\"stk-block-text__text\">Highlight<\/p><\/div>\n\n\n\n<div class=\"wp-block-stackable-text stk-block-text stk-block stk-a3bb83c\" data-block-id=\"a3bb83c\"><p class=\"stk-block-text__text\">Historic architecture and traditional gastronomy<\/p><\/div>\n<\/div><\/div><\/div>\n<\/div><\/div>\n\n\n\n<div class=\"wp-block-stackable-columns stk-block-columns stk-block stk-43c29de\" data-block-id=\"43c29de\"><style>.stk-43c29de .stk--block-align-43c29de{align-items:center !important;}.stk-43c29de {margin-bottom:0px !important;}<\/style><div class=\"stk-row stk-inner-blocks stk--block-align-43c29de stk-block-content stk-content-align stk-43c29de-column\">\n<div class=\"wp-block-stackable-column stk-block-column stk-column stk-block stk-177de71\" data-v=\"4\" data-block-id=\"177de71\"><style>.stk-177de71 {align-self:flex-start !important;}@media screen and (min-width:690px){.stk-177de71 {flex:var(--stk-flex-grow, 1) 1 calc(15% - var(--stk-column-gap, 0px) * 1 \/ 2 ) !important;}}<\/style><div class=\"stk-column-wrapper stk-block-column__content stk-container stk-177de71-container stk--no-background stk--no-padding\"><div class=\"stk-block-content stk-inner-blocks stk-177de71-inner-blocks\">\n<div class=\"wp-block-stackable-icon stk-block-icon has-text-align-center stk-block stk-3867b79\" data-block-id=\"3867b79\"><span class=\"stk--svg-wrapper\"><div class=\"stk--inner-svg\"><svg style=\"height:0;width:0\"><defs><lineargradient id=\"linear-gradient-3867b79\" x1=\"0\" x2=\"100%\" y1=\"0\" y2=\"0\"><stop offset=\"0%\" style=\"stop-opacity:1;stop-color:var(--linear-gradient-3867-b-79-color-1)\"><\/stop><stop offset=\"100%\" style=\"stop-opacity:1;stop-color:var(--linear-gradient-3867-b-79-color-2)\"><\/stop><\/lineargradient><\/defs><\/svg><svg xmlns=\"http:\/\/www.w3.org\/2000\/svg\" viewbox=\"0 0 512 512\" aria-hidden=\"true\" width=\"32\" height=\"32\"><path d=\"M152.1 38.2c9.9 8.9 10.7 24 1.8 33.9l-72 80c-4.4 4.9-10.6 7.8-17.2 7.9s-12.9-2.4-17.6-7L7 113C-2.3 103.6-2.3 88.4 7 79s24.6-9.4 33.9 0l22.1 22.1 55.1-61.2c8.9-9.9 24-10.7 33.9-1.8zm0 160c9.9 8.9 10.7 24 1.8 33.9l-72 80c-4.4 4.9-10.6 7.8-17.2 7.9s-12.9-2.4-17.6-7L7 273c-9.4-9.4-9.4-24.6 0-33.9s24.6-9.4 33.9 0l22.1 22.1 55.1-61.2c8.9-9.9 24-10.7 33.9-1.8zM224 96c0-17.7 14.3-32 32-32H480c17.7 0 32 14.3 32 32s-14.3 32-32 32H256c-17.7 0-32-14.3-32-32zm0 160c0-17.7 14.3-32 32-32H480c17.7 0 32 14.3 32 32s-14.3 32-32 32H256c-17.7 0-32-14.3-32-32zM160 416c0-17.7 14.3-32 32-32H480c17.7 0 32 14.3 32 32s-14.3 32-32 32H192c-17.7 0-32-14.3-32-32zM48 368a48 48 0 1 1 0 96 48 48 0 1 1 0-96z\"\/><\/svg><\/div><\/span><\/div>\n<\/div><\/div><\/div>\n\n\n\n<div class=\"wp-block-stackable-column stk-block-column stk-column stk-block stk-1ba6e82\" data-v=\"4\" data-block-id=\"1ba6e82\"><style>@media screen and (min-width:690px){.stk-1ba6e82 {flex:var(--stk-flex-grow, 1) 1 calc(85% - var(--stk-column-gap, 0px) * 1 \/ 2 ) !important;}}<\/style><div class=\"stk-column-wrapper stk-block-column__content stk-container stk-1ba6e82-container stk--no-background stk--no-padding\"><div class=\"has-text-align-center-mobile stk-block-content stk-inner-blocks stk-1ba6e82-inner-blocks\">\n<div class=\"wp-block-stackable-text stk-block-text stk-block stk-20acf9e\" data-block-id=\"20acf9e\"><style>.stk-20acf9e {margin-bottom:2px !important;}.stk-20acf9e .stk-block-text__text{font-weight:bold !important;}<\/style><p class=\"stk-block-text__text\">Features<\/p><\/div>\n\n\n\n<div class=\"wp-block-stackable-text stk-block-text stk-block stk-2085e83\" data-block-id=\"2085e83\"><p class=\"stk-block-text__text\">\u2013 Azorean-style houses and historic streets<br>\u2013 Calm sea and open landscape<br>\u2013 Elegant and photogenic scenery<br>\u2013 Strong gastronomic tradition<\/p><\/div>\n<\/div><\/div><\/div>\n<\/div><\/div>\n\n\n\n<div class=\"wp-block-stackable-columns stk-block-columns stk-block stk-c88797b\" data-block-id=\"c88797b\"><style>.stk-c88797b .stk--block-align-c88797b{align-items:center !important;}.stk-c88797b {margin-bottom:0px !important;}<\/style><div class=\"stk-row stk-inner-blocks stk--block-align-c88797b stk-block-content stk-content-align stk-c88797b-column\">\n<div class=\"wp-block-stackable-column stk-block-column stk-column stk-block stk-55764e9\" data-v=\"4\" data-block-id=\"55764e9\"><style>.stk-55764e9 {align-self:flex-start !important;}@media screen and (min-width:690px){.stk-55764e9 {flex:var(--stk-flex-grow, 1) 1 calc(15% - var(--stk-column-gap, 0px) * 1 \/ 2 ) !important;}}<\/style><div class=\"stk-column-wrapper stk-block-column__content stk-container stk-55764e9-container stk--no-background stk--no-padding\"><div class=\"stk-block-content stk-inner-blocks stk-55764e9-inner-blocks\">\n<div class=\"wp-block-stackable-icon stk-block-icon has-text-align-center stk-block stk-7042486\" data-block-id=\"7042486\"><span class=\"stk--svg-wrapper\"><div class=\"stk--inner-svg\"><svg style=\"height:0;width:0\"><defs><lineargradient id=\"linear-gradient-7042486\" x1=\"0\" x2=\"100%\" y1=\"0\" y2=\"0\"><stop offset=\"0%\" style=\"stop-opacity:1;stop-color:var(--linear-gradient-7042486-color-1)\"><\/stop><stop offset=\"100%\" style=\"stop-opacity:1;stop-color:var(--linear-gradient-7042486-color-2)\"><\/stop><\/lineargradient><\/defs><\/svg><svg xmlns=\"http:\/\/www.w3.org\/2000\/svg\" viewbox=\"0 0 384 512\" aria-hidden=\"true\" width=\"32\" height=\"32\"><path d=\"M297.2 248.9C311.6 228.3 320 203.2 320 176c0-70.7-57.3-128-128-128S64 105.3 64 176c0 27.2 8.4 52.3 22.8 72.9c3.7 5.3 8.1 11.3 12.8 17.7l0 0c12.9 17.7 28.3 38.9 39.8 59.8c10.4 19 15.7 38.8 18.3 57.5H109c-2.2-12-5.9-23.7-11.8-34.5c-9.9-18-22.2-34.9-34.5-51.8l0 0 0 0c-5.2-7.1-10.4-14.2-15.4-21.4C27.6 247.9 16 213.3 16 176C16 78.8 94.8 0 192 0s176 78.8 176 176c0 37.3-11.6 71.9-31.4 100.3c-5 7.2-10.2 14.3-15.4 21.4l0 0 0 0c-12.3 16.8-24.6 33.7-34.5 51.8c-5.9 10.8-9.6 22.5-11.8 34.5H226.4c2.6-18.7 7.9-38.6 18.3-57.5c11.5-20.9 26.9-42.1 39.8-59.8l0 0 0 0 0 0c4.7-6.4 9-12.4 12.7-17.7zM192 128c-26.5 0-48 21.5-48 48c0 8.8-7.2 16-16 16s-16-7.2-16-16c0-44.2 35.8-80 80-80c8.8 0 16 7.2 16 16s-7.2 16-16 16zm0 384c-44.2 0-80-35.8-80-80V416H272v16c0 44.2-35.8 80-80 80z\"\/><\/svg><\/div><\/span><\/div>\n<\/div><\/div><\/div>\n\n\n\n<div class=\"wp-block-stackable-column stk-block-column stk-column stk-block stk-a35a1d8\" data-v=\"4\" data-block-id=\"a35a1d8\"><style>@media screen and (min-width:690px){.stk-a35a1d8 {flex:var(--stk-flex-grow, 1) 1 calc(85% - var(--stk-column-gap, 0px) * 1 \/ 2 ) !important;}}<\/style><div class=\"stk-column-wrapper stk-block-column__content stk-container stk-a35a1d8-container stk--no-background stk--no-padding\"><div class=\"has-text-align-center-mobile stk-block-content stk-inner-blocks stk-a35a1d8-inner-blocks\">\n<div class=\"wp-block-stackable-text stk-block-text stk-block stk-dd6d388\" data-block-id=\"dd6d388\"><style>.stk-dd6d388 {margin-bottom:2px !important;}.stk-dd6d388 .stk-block-text__text{font-weight:bold !important;}<\/style><p class=\"stk-block-text__text\">Tips for the Photo Session<\/p><\/div>\n\n\n\n<div class=\"wp-block-stackable-text stk-block-text stk-block stk-aba9126\" data-block-id=\"aba9126\"><p class=\"stk-block-text__text\">Best time: early morning<br>Movement: moderate, with higher flow in the late afternoon and on weekends.<br>Recommended for: couples, honeymoon, marriage proposal, families with children and seniors, individual session.<\/p><\/div>\n<\/div><\/div><\/div>\n<\/div><\/div>\n\n\n\n<div class=\"wp-block-stackable-button-group stk-block-button-group stk-block stk-bfc8a82\" data-block-id=\"bfc8a82\"><div class=\"stk-row stk-inner-blocks has-text-align-center stk-block-content stk-button-group\">\n<div class=\"wp-block-stackable-button stk-block-button has-text-align-center is-style-ghost stk-block stk-df40022\" data-block-id=\"df40022\"><style>.stk-df40022 , .stk-df40022 .stk-button{width:100% !important;}.stk-df40022 {flex:1 0 var(--stk-button-group-flex-wrap, 0) !important;}.stk-df40022 .stk-button{background:transparent !important;}.stk-df40022 .stk-button:hover:after{background:var(--theme-palette-color-2, #25ad99) !important;opacity:1 !important;}:where(.stk-hover-parent:hover,  .stk-hover-parent.stk--is-hovered) .stk-df40022 .stk-button:after{background:transparent !important;opacity:1 !important;}.stk-df40022 .stk-button:before{border-style:solid !important;}.stk-df40022 .stk-button:hover .stk-button__inner-text{color:var(--theme-palette-color-8, #ffffff) !important;}<\/style><a class=\"stk-link stk-button stk--hover-effect-darken\" href=\"javascript:window.parent.postMessage({type:'CT_CLOSE_AND_GO', target:'#agenda'}, '*');\"><span class=\"stk-button__inner-text\">Book Your Session<\/span><\/a><\/div>\n<\/div><\/div>\n\n\n\n<div class=\"wp-block-stackable-map stk-block-map stk-block stk-9aace18\" data-block-id=\"9aace18\"><iframe\n\t\t\t\t\t\ttitle=\"Embedded content from the Google Maps platform.\"\n\t\t\t\t\t\tsrc=\"https:\/\/maps.google.com\/maps?q=Pra\u00e7a Herm\u00ednio Silva&#038;t=&#038;z=12&#038;ie=UTF8&#038;output=embed\"\n\t\t\t\t\t\tstyle=\"border:0;width:100%;max-width:none;max-height:none;height:100%;\"\n\t\t\t\t\t\taria-hidden=\"false\"\n\t\t\t\t\t\ttabindex=\"0\"\n\t\t\t\t\t\tallowfullscreen\n\t\t\t\t\t\tloading=\"lazy\"\n\t\t\t\t\t\tframeborder=\"0\"\n\t\t\t\t\t><\/iframe><\/div>\n<\/div><\/div><\/div>\n<\/div><\/div>","protected":false},"excerpt":{"rendered":"<p>Ribeir\u00e3o da Ilha \u00c9 um dos lugares mais tradicionais e charmosos do Sul de Florian\u00f3polis. A regi\u00e3o combina casario a\u00e7oriano, ruas tranquilas e mar calmo, criando um cen\u00e1rio perfeito para ensaios com est\u00e9tica elegante e atemporal. \u00c9 o local ideal para fotos leves e sofisticadas, com clima rom\u00e2ntico e cultural, perfeito para quem quer registrar [&hellip;]<\/p>\n","protected":false},"author":4,"featured_media":0,"parent":5417,"menu_order":13,"comment_status":"closed","ping_status":"closed","template":"","meta":{"footnotes":""},"class_list":["post-5858","page","type-page","status-publish","hentry"],"blocksy_meta":{"disable_header":"yes","disable_footer":"yes","has_hero_section":"disabled","styles_descriptor":{"styles":{"desktop":"","tablet":"","mobile":""},"google_fonts":[],"version":6}},"_links":{"self":[{"href":"https:\/\/fotofloripa.estudion2.com.br\/en\/wp-json\/wp\/v2\/pages\/5858","targetHints":{"allow":["GET"]}}],"collection":[{"href":"https:\/\/fotofloripa.estudion2.com.br\/en\/wp-json\/wp\/v2\/pages"}],"about":[{"href":"https:\/\/fotofloripa.estudion2.com.br\/en\/wp-json\/wp\/v2\/types\/page"}],"author":[{"embeddable":true,"href":"https:\/\/fotofloripa.estudion2.com.br\/en\/wp-json\/wp\/v2\/users\/4"}],"replies":[{"embeddable":true,"href":"https:\/\/fotofloripa.estudion2.com.br\/en\/wp-json\/wp\/v2\/comments?post=5858"}],"version-history":[{"count":1,"href":"https:\/\/fotofloripa.estudion2.com.br\/en\/wp-json\/wp\/v2\/pages\/5858\/revisions"}],"predecessor-version":[{"id":6420,"href":"https:\/\/fotofloripa.estudion2.com.br\/en\/wp-json\/wp\/v2\/pages\/5858\/revisions\/6420"}],"up":[{"embeddable":true,"href":"https:\/\/fotofloripa.estudion2.com.br\/en\/wp-json\/wp\/v2\/pages\/5417"}],"wp:attachment":[{"href":"https:\/\/fotofloripa.estudion2.com.br\/en\/wp-json\/wp\/v2\/media?parent=5858"}],"curies":[{"name":"wp","href":"https:\/\/api.w.org\/{rel}","templated":true}]}}