{"id":5861,"date":"2026-02-04T18:00:28","date_gmt":"2026-02-04T21:00:28","guid":{"rendered":"https:\/\/fotofloripa.estudion2.com.br\/?page_id=5861"},"modified":"2026-03-18T09:21:13","modified_gmt":"2026-03-18T12:21:13","slug":"praia-de-ponta-das-canas","status":"publish","type":"page","link":"https:\/\/fotofloripa.estudion2.com.br\/en\/florianopolis\/praia-de-ponta-das-canas\/","title":{"rendered":"Ponta das Canas Beach"},"content":{"rendered":"<div class=\"wp-block-stackable-columns stk-block-columns stk-block stk-fafc3dd\" data-block-id=\"fafc3dd\"><style>.stk-fafc3dd {margin-top:-40px !important;}<\/style><div class=\"stk-row stk-inner-blocks stk-block-content stk-content-align stk-fafc3dd-column\">\n<div class=\"wp-block-stackable-column stk-block-column stk-column stk-block stk-ad42789\" data-v=\"4\" data-block-id=\"ad42789\"><style>.stk-ad42789-inner-blocks{justify-content:space-between !important;}<\/style><div class=\"stk-column-wrapper stk-block-column__content stk-container stk-ad42789-container stk--no-background stk--no-padding\"><div class=\"stk--column-flex stk-block-content stk-inner-blocks stk-ad42789-inner-blocks\">\n<div class=\"wp-block-stackable-heading stk-block-heading stk-block-heading--v2 stk-block stk-509ccb4\" id=\"heading-placeholder\" data-block-id=\"509ccb4\"><h2 class=\"stk-block-heading__text\">Ponta das Canas Beach<\/h2><\/div>\n\n\n\n<div class=\"wp-block-stackable-text stk-block-text stk-block stk-fe32a9e\" data-block-id=\"fe32a9e\"><style>.stk-fe32a9e {margin-bottom:40px !important;}<\/style><p class=\"stk-block-text__text\">Ponta das Canas is a beach with a more secluded and welcoming atmosphere, perfect for those who want to escape the hustle and enjoy Floripa with greater tranquility. The area features extremely calm waters and open views. It\u2019s an ideal setting for photo sessions with a more natural and elegant aesthetic, capturing that peaceful travel vibe: feet in the sand, a gentle breeze, clear water, and a sea backdrop that feels ready-made for photos.<\/p><\/div>\n\n\n\n<div class=\"wp-block-stackable-columns stk-block-columns stk-block stk-4fad956\" data-block-id=\"4fad956\"><style>.stk-4fad956 .stk--block-align-4fad956{align-items:center !important;}.stk-4fad956 {margin-bottom:0px !important;}<\/style><div class=\"stk-row stk-inner-blocks stk--block-align-4fad956 stk-block-content stk-content-align stk-4fad956-column\">\n<div class=\"wp-block-stackable-column stk-block-column stk-column stk-block stk-e01e8c9\" data-v=\"4\" data-block-id=\"e01e8c9\"><style>.stk-e01e8c9 {align-self:flex-start !important;}.stk-e01e8c9-inner-blocks{justify-content:flex-start !important;}@media screen and (min-width:690px){.stk-e01e8c9 {flex:var(--stk-flex-grow, 1) 1 calc(15% - var(--stk-column-gap, 0px) * 1 \/ 2 ) !important;}}<\/style><div class=\"stk-column-wrapper stk-block-column__content stk-container stk-e01e8c9-container stk--no-background stk--no-padding\"><div class=\"stk--column-flex stk-block-content stk-inner-blocks stk-e01e8c9-inner-blocks\">\n<div class=\"wp-block-stackable-icon stk-block-icon has-text-align-center stk-block stk-6192e64\" data-block-id=\"6192e64\"><span class=\"stk--svg-wrapper\"><div class=\"stk--inner-svg\"><svg style=\"height:0;width:0\"><defs><lineargradient id=\"linear-gradient-6192e64\" x1=\"0\" x2=\"100%\" y1=\"0\" y2=\"0\"><stop offset=\"0%\" style=\"stop-opacity:1;stop-color:var(--linear-gradient-6192-e-64-color-1)\"><\/stop><stop offset=\"100%\" style=\"stop-opacity:1;stop-color:var(--linear-gradient-6192-e-64-color-2)\"><\/stop><\/lineargradient><\/defs><\/svg><svg xmlns=\"http:\/\/www.w3.org\/2000\/svg\" viewbox=\"0 0 384 512\" aria-hidden=\"true\" width=\"32\" height=\"32\"><path d=\"M215.7 499.2C267 435 384 279.4 384 192C384 86 298 0 192 0S0 86 0 192c0 87.4 117 243 168.3 307.2c12.3 15.3 35.1 15.3 47.4 0zM192 128a64 64 0 1 1 0 128 64 64 0 1 1 0-128z\"\/><\/svg><\/div><\/span><\/div>\n<\/div><\/div><\/div>\n\n\n\n<div class=\"wp-block-stackable-column stk-block-column stk-column stk-block stk-9381a0b\" data-v=\"4\" data-block-id=\"9381a0b\"><style>@media screen and (min-width:690px){.stk-9381a0b {flex:var(--stk-flex-grow, 1) 1 calc(85% - var(--stk-column-gap, 0px) * 1 \/ 2 ) !important;}}<\/style><div class=\"stk-column-wrapper stk-block-column__content stk-container stk-9381a0b-container stk--no-background stk--no-padding\"><div class=\"has-text-align-center-mobile stk-block-content stk-inner-blocks stk-9381a0b-inner-blocks\">\n<div class=\"wp-block-stackable-text stk-block-text stk-block stk-6e25003\" data-block-id=\"6e25003\"><style>.stk-6e25003 {margin-bottom:2px !important;}.stk-6e25003 .stk-block-text__text{font-weight:bold !important;}<\/style><p class=\"stk-block-text__text\">Meeting Point<\/p><\/div>\n\n\n\n<div class=\"wp-block-stackable-text stk-block-text stk-block stk-6b375b9\" data-block-id=\"6b375b9\"><p class=\"stk-block-text__text\">Ponta das Canas Beach Deck<br>R. Dep. Fernando Vi\u00e9gas, 146, Ponta das Canas, Florian\u00f3polis, SC<\/p><\/div>\n<\/div><\/div><\/div>\n<\/div><\/div>\n\n\n\n<div class=\"wp-block-stackable-columns stk-block-columns stk-block stk-7eae9d1\" data-block-id=\"7eae9d1\"><style>.stk-7eae9d1 .stk--block-align-7eae9d1{align-items:center !important;}.stk-7eae9d1 {margin-bottom:0px !important;}<\/style><div class=\"stk-row stk-inner-blocks stk--block-align-7eae9d1 stk-block-content stk-content-align stk-7eae9d1-column\">\n<div class=\"wp-block-stackable-column stk-block-column stk-column stk-block stk-b19c54b\" data-v=\"4\" data-block-id=\"b19c54b\"><style>.stk-b19c54b {align-self:flex-start !important;}@media screen and (min-width:690px){.stk-b19c54b {flex:var(--stk-flex-grow, 1) 1 calc(15% - var(--stk-column-gap, 0px) * 1 \/ 2 ) !important;}}<\/style><div class=\"stk-column-wrapper stk-block-column__content stk-container stk-b19c54b-container stk--no-background stk--no-padding\"><div class=\"stk-block-content stk-inner-blocks stk-b19c54b-inner-blocks\">\n<div class=\"wp-block-stackable-icon stk-block-icon has-text-align-center stk-block stk-5f9e19e\" data-block-id=\"5f9e19e\"><span class=\"stk--svg-wrapper\"><div class=\"stk--inner-svg\"><svg style=\"height:0;width:0\"><defs><lineargradient id=\"linear-gradient-5f9e19e\" x1=\"0\" x2=\"100%\" y1=\"0\" y2=\"0\"><stop offset=\"0%\" style=\"stop-opacity:1;stop-color:var(--linear-gradient-5-f-9-e-19-e-color-1)\"><\/stop><stop offset=\"100%\" style=\"stop-opacity:1;stop-color:var(--linear-gradient-5-f-9-e-19-e-color-2)\"><\/stop><\/lineargradient><\/defs><\/svg><svg xmlns=\"http:\/\/www.w3.org\/2000\/svg\" viewbox=\"0 0 576 512\" aria-hidden=\"true\" width=\"32\" height=\"32\"><path d=\"M565.6 36.2C572.1 40.7 576 48.1 576 56V392c0 10-6.2 18.9-15.5 22.4l-168 64c-5.2 2-10.9 2.1-16.1 .3L192.5 417.5l-160 61c-7.4 2.8-15.7 1.8-22.2-2.7S0 463.9 0 456V120c0-10 6.1-18.9 15.5-22.4l168-64c5.2-2 10.9-2.1 16.1-.3L383.5 94.5l160-61c7.4-2.8 15.7-1.8 22.2 2.7zM48 136.5V421.2l120-45.7V90.8L48 136.5zM360 422.7V137.3l-144-48V374.7l144 48zm48-1.5l120-45.7V90.8L408 136.5V421.2z\"\/><\/svg><\/div><\/span><\/div>\n<\/div><\/div><\/div>\n\n\n\n<div class=\"wp-block-stackable-column stk-block-column stk-column stk-block stk-7d3bf6a\" data-v=\"4\" data-block-id=\"7d3bf6a\"><style>@media screen and (min-width:690px){.stk-7d3bf6a {flex:var(--stk-flex-grow, 1) 1 calc(85% - var(--stk-column-gap, 0px) * 1 \/ 2 ) !important;}}<\/style><div class=\"stk-column-wrapper stk-block-column__content stk-container stk-7d3bf6a-container stk--no-background stk--no-padding\"><div class=\"has-text-align-center-mobile stk-block-content stk-inner-blocks stk-7d3bf6a-inner-blocks\">\n<div class=\"wp-block-stackable-text stk-block-text stk-block stk-f5661a6\" data-block-id=\"f5661a6\"><style>.stk-f5661a6 {margin-bottom:2px !important;}.stk-f5661a6 .stk-block-text__text{font-weight:bold !important;}<\/style><p class=\"stk-block-text__text\">Location<\/p><\/div>\n\n\n\n<div class=\"wp-block-stackable-text stk-block-text stk-block stk-b35e213\" data-block-id=\"b35e213\"><p class=\"stk-block-text__text\">North of the Island<br>7 km from Canasvieiras<br>32 km from downtown Florian\u00f3polis<br>40 km from Herc\u00edlio Luz International Airport<\/p><\/div>\n<\/div><\/div><\/div>\n<\/div><\/div>\n\n\n\n<div class=\"wp-block-stackable-columns stk-block-columns stk-block stk-eefcb0f\" data-block-id=\"eefcb0f\"><style>.stk-eefcb0f .stk--block-align-eefcb0f{align-items:center !important;}.stk-eefcb0f {margin-bottom:0px !important;}<\/style><div class=\"stk-row stk-inner-blocks stk--block-align-eefcb0f stk-block-content stk-content-align stk-eefcb0f-column\">\n<div class=\"wp-block-stackable-column stk-block-column stk-column stk-block stk-a5b7883\" data-v=\"4\" data-block-id=\"a5b7883\"><style>.stk-a5b7883 {align-self:flex-start !important;}.stk-a5b7883-inner-blocks{justify-content:flex-start !important;}@media screen and (min-width:690px){.stk-a5b7883 {flex:var(--stk-flex-grow, 1) 1 calc(15% - var(--stk-column-gap, 0px) * 1 \/ 2 ) !important;}}<\/style><div class=\"stk-column-wrapper stk-block-column__content stk-container stk-a5b7883-container stk--no-background stk--no-padding\"><div class=\"stk--column-flex stk-block-content stk-inner-blocks stk-a5b7883-inner-blocks\">\n<div class=\"wp-block-stackable-icon stk-block-icon has-text-align-center stk-block stk-d0ffca4\" data-block-id=\"d0ffca4\"><span class=\"stk--svg-wrapper\"><div class=\"stk--inner-svg\"><svg style=\"height:0;width:0\"><defs><lineargradient id=\"linear-gradient-d0ffca4\" x1=\"0\" x2=\"100%\" y1=\"0\" y2=\"0\"><stop offset=\"0%\" style=\"stop-opacity:1;stop-color:var(--linear-gradient-d-0-ffca-4-color-1)\"><\/stop><stop offset=\"100%\" style=\"stop-opacity:1;stop-color:var(--linear-gradient-d-0-ffca-4-color-2)\"><\/stop><\/lineargradient><\/defs><\/svg><svg xmlns=\"http:\/\/www.w3.org\/2000\/svg\" viewbox=\"0 0 576 512\" aria-hidden=\"true\" width=\"32\" height=\"32\"><path d=\"M287.9 0c9.2 0 17.6 5.2 21.6 13.5l68.6 141.3 153.2 22.6c9 1.3 16.5 7.6 19.3 16.3s.5 18.1-5.9 24.5L433.6 328.4l26.2 155.6c1.5 9-2.2 18.1-9.7 23.5s-17.3 6-25.3 1.7l-137-73.2L151 509.1c-8.1 4.3-17.9 3.7-25.3-1.7s-11.2-14.5-9.7-23.5l26.2-155.6L31.1 218.2c-6.5-6.4-8.7-15.9-5.9-24.5s10.3-14.9 19.3-16.3l153.2-22.6L266.3 13.5C270.4 5.2 278.7 0 287.9 0zm0 79L235.4 187.2c-3.5 7.1-10.2 12.1-18.1 13.3L99 217.9 184.9 303c5.5 5.5 8.1 13.3 6.8 21L171.4 443.7l105.2-56.2c7.1-3.8 15.6-3.8 22.6 0l105.2 56.2L384.2 324.1c-1.3-7.7 1.2-15.5 6.8-21l85.9-85.1L358.6 200.5c-7.8-1.2-14.6-6.1-18.1-13.3L287.9 79z\"\/><\/svg><\/div><\/span><\/div>\n<\/div><\/div><\/div>\n\n\n\n<div class=\"wp-block-stackable-column stk-block-column stk-column stk-block stk-6739247\" data-v=\"4\" data-block-id=\"6739247\"><style>@media screen and (min-width:690px){.stk-6739247 {flex:var(--stk-flex-grow, 1) 1 calc(85% - var(--stk-column-gap, 0px) * 1 \/ 2 ) !important;}}<\/style><div class=\"stk-column-wrapper stk-block-column__content stk-container stk-6739247-container stk--no-background stk--no-padding\"><div class=\"has-text-align-center-mobile stk-block-content stk-inner-blocks stk-6739247-inner-blocks\">\n<div class=\"wp-block-stackable-text stk-block-text stk-block stk-9aa1eec\" data-block-id=\"9aa1eec\"><style>.stk-9aa1eec {margin-bottom:2px !important;}.stk-9aa1eec .stk-block-text__text{font-weight:bold !important;}<\/style><p class=\"stk-block-text__text\">Highlight<\/p><\/div>\n\n\n\n<div class=\"wp-block-stackable-text stk-block-text stk-block stk-e7d7931\" data-block-id=\"e7d7931\"><p class=\"stk-block-text__text\">Crystal-clear sea and a secluded beach atmosphere<\/p><\/div>\n<\/div><\/div><\/div>\n<\/div><\/div>\n\n\n\n<div class=\"wp-block-stackable-columns stk-block-columns stk-block stk-e848b46\" data-block-id=\"e848b46\"><style>.stk-e848b46 .stk--block-align-e848b46{align-items:center !important;}.stk-e848b46 {margin-bottom:0px !important;}<\/style><div class=\"stk-row stk-inner-blocks stk--block-align-e848b46 stk-block-content stk-content-align stk-e848b46-column\">\n<div class=\"wp-block-stackable-column stk-block-column stk-column stk-block stk-86375e4\" data-v=\"4\" data-block-id=\"86375e4\"><style>.stk-86375e4 {align-self:flex-start !important;}@media screen and (min-width:690px){.stk-86375e4 {flex:var(--stk-flex-grow, 1) 1 calc(15% - var(--stk-column-gap, 0px) * 1 \/ 2 ) !important;}}<\/style><div class=\"stk-column-wrapper stk-block-column__content stk-container stk-86375e4-container stk--no-background stk--no-padding\"><div class=\"stk-block-content stk-inner-blocks stk-86375e4-inner-blocks\">\n<div class=\"wp-block-stackable-icon stk-block-icon has-text-align-center stk-block stk-1af65ed\" data-block-id=\"1af65ed\"><span class=\"stk--svg-wrapper\"><div class=\"stk--inner-svg\"><svg style=\"height:0;width:0\"><defs><lineargradient id=\"linear-gradient-1af65ed\" x1=\"0\" x2=\"100%\" y1=\"0\" y2=\"0\"><stop offset=\"0%\" style=\"stop-opacity:1;stop-color:var(--linear-gradient-1-af-65-ed-color-1)\"><\/stop><stop offset=\"100%\" style=\"stop-opacity:1;stop-color:var(--linear-gradient-1-af-65-ed-color-2)\"><\/stop><\/lineargradient><\/defs><\/svg><svg xmlns=\"http:\/\/www.w3.org\/2000\/svg\" viewbox=\"0 0 512 512\" aria-hidden=\"true\" width=\"32\" height=\"32\"><path d=\"M152.1 38.2c9.9 8.9 10.7 24 1.8 33.9l-72 80c-4.4 4.9-10.6 7.8-17.2 7.9s-12.9-2.4-17.6-7L7 113C-2.3 103.6-2.3 88.4 7 79s24.6-9.4 33.9 0l22.1 22.1 55.1-61.2c8.9-9.9 24-10.7 33.9-1.8zm0 160c9.9 8.9 10.7 24 1.8 33.9l-72 80c-4.4 4.9-10.6 7.8-17.2 7.9s-12.9-2.4-17.6-7L7 273c-9.4-9.4-9.4-24.6 0-33.9s24.6-9.4 33.9 0l22.1 22.1 55.1-61.2c8.9-9.9 24-10.7 33.9-1.8zM224 96c0-17.7 14.3-32 32-32H480c17.7 0 32 14.3 32 32s-14.3 32-32 32H256c-17.7 0-32-14.3-32-32zm0 160c0-17.7 14.3-32 32-32H480c17.7 0 32 14.3 32 32s-14.3 32-32 32H256c-17.7 0-32-14.3-32-32zM160 416c0-17.7 14.3-32 32-32H480c17.7 0 32 14.3 32 32s-14.3 32-32 32H192c-17.7 0-32-14.3-32-32zM48 368a48 48 0 1 1 0 96 48 48 0 1 1 0-96z\"\/><\/svg><\/div><\/span><\/div>\n<\/div><\/div><\/div>\n\n\n\n<div class=\"wp-block-stackable-column stk-block-column stk-column stk-block stk-6530b7b\" data-v=\"4\" data-block-id=\"6530b7b\"><style>@media screen and (min-width:690px){.stk-6530b7b {flex:var(--stk-flex-grow, 1) 1 calc(85% - var(--stk-column-gap, 0px) * 1 \/ 2 ) !important;}}<\/style><div class=\"stk-column-wrapper stk-block-column__content stk-container stk-6530b7b-container stk--no-background stk--no-padding\"><div class=\"has-text-align-center-mobile stk-block-content stk-inner-blocks stk-6530b7b-inner-blocks\">\n<div class=\"wp-block-stackable-text stk-block-text stk-block stk-0175209\" data-block-id=\"0175209\"><style>.stk-0175209 {margin-bottom:2px !important;}.stk-0175209 .stk-block-text__text{font-weight:bold !important;}<\/style><p class=\"stk-block-text__text\">Features<\/p><\/div>\n\n\n\n<div class=\"wp-block-stackable-text stk-block-text stk-block stk-fa00b7a\" data-block-id=\"fa00b7a\"><p class=\"stk-block-text__text\">\u2013 Very calm sea<br>\u2013 Smaller and more secluded beach<br>\u2013 Easy access<br>\u2013 Good infrastructure in the area<\/p><\/div>\n<\/div><\/div><\/div>\n<\/div><\/div>\n\n\n\n<div class=\"wp-block-stackable-columns stk-block-columns stk-block stk-c88797b\" data-block-id=\"c88797b\"><style>.stk-c88797b .stk--block-align-c88797b{align-items:center !important;}.stk-c88797b {margin-bottom:0px !important;}<\/style><div class=\"stk-row stk-inner-blocks stk--block-align-c88797b stk-block-content stk-content-align stk-c88797b-column\">\n<div class=\"wp-block-stackable-column stk-block-column stk-column stk-block stk-55764e9\" data-v=\"4\" data-block-id=\"55764e9\"><style>.stk-55764e9 {align-self:flex-start !important;}@media screen and (min-width:690px){.stk-55764e9 {flex:var(--stk-flex-grow, 1) 1 calc(15% - var(--stk-column-gap, 0px) * 1 \/ 2 ) !important;}}<\/style><div class=\"stk-column-wrapper stk-block-column__content stk-container stk-55764e9-container stk--no-background stk--no-padding\"><div class=\"stk-block-content stk-inner-blocks stk-55764e9-inner-blocks\">\n<div class=\"wp-block-stackable-icon stk-block-icon has-text-align-center stk-block stk-7042486\" data-block-id=\"7042486\"><span class=\"stk--svg-wrapper\"><div class=\"stk--inner-svg\"><svg style=\"height:0;width:0\"><defs><lineargradient id=\"linear-gradient-7042486\" x1=\"0\" x2=\"100%\" y1=\"0\" y2=\"0\"><stop offset=\"0%\" style=\"stop-opacity:1;stop-color:var(--linear-gradient-7042486-color-1)\"><\/stop><stop offset=\"100%\" style=\"stop-opacity:1;stop-color:var(--linear-gradient-7042486-color-2)\"><\/stop><\/lineargradient><\/defs><\/svg><svg xmlns=\"http:\/\/www.w3.org\/2000\/svg\" viewbox=\"0 0 384 512\" aria-hidden=\"true\" width=\"32\" height=\"32\"><path d=\"M297.2 248.9C311.6 228.3 320 203.2 320 176c0-70.7-57.3-128-128-128S64 105.3 64 176c0 27.2 8.4 52.3 22.8 72.9c3.7 5.3 8.1 11.3 12.8 17.7l0 0c12.9 17.7 28.3 38.9 39.8 59.8c10.4 19 15.7 38.8 18.3 57.5H109c-2.2-12-5.9-23.7-11.8-34.5c-9.9-18-22.2-34.9-34.5-51.8l0 0 0 0c-5.2-7.1-10.4-14.2-15.4-21.4C27.6 247.9 16 213.3 16 176C16 78.8 94.8 0 192 0s176 78.8 176 176c0 37.3-11.6 71.9-31.4 100.3c-5 7.2-10.2 14.3-15.4 21.4l0 0 0 0c-12.3 16.8-24.6 33.7-34.5 51.8c-5.9 10.8-9.6 22.5-11.8 34.5H226.4c2.6-18.7 7.9-38.6 18.3-57.5c11.5-20.9 26.9-42.1 39.8-59.8l0 0 0 0 0 0c4.7-6.4 9-12.4 12.7-17.7zM192 128c-26.5 0-48 21.5-48 48c0 8.8-7.2 16-16 16s-16-7.2-16-16c0-44.2 35.8-80 80-80c8.8 0 16 7.2 16 16s-7.2 16-16 16zm0 384c-44.2 0-80-35.8-80-80V416H272v16c0 44.2-35.8 80-80 80z\"\/><\/svg><\/div><\/span><\/div>\n<\/div><\/div><\/div>\n\n\n\n<div class=\"wp-block-stackable-column stk-block-column stk-column stk-block stk-a35a1d8\" data-v=\"4\" data-block-id=\"a35a1d8\"><style>@media screen and (min-width:690px){.stk-a35a1d8 {flex:var(--stk-flex-grow, 1) 1 calc(85% - var(--stk-column-gap, 0px) * 1 \/ 2 ) !important;}}<\/style><div class=\"stk-column-wrapper stk-block-column__content stk-container stk-a35a1d8-container stk--no-background stk--no-padding\"><div class=\"has-text-align-center-mobile stk-block-content stk-inner-blocks stk-a35a1d8-inner-blocks\">\n<div class=\"wp-block-stackable-text stk-block-text stk-block stk-dd6d388\" data-block-id=\"dd6d388\"><style>.stk-dd6d388 {margin-bottom:2px !important;}.stk-dd6d388 .stk-block-text__text{font-weight:bold !important;}<\/style><p class=\"stk-block-text__text\">Tips for the Photo Session<\/p><\/div>\n\n\n\n<div class=\"wp-block-stackable-text stk-block-text stk-block stk-aba9126\" data-block-id=\"aba9126\"><p class=\"stk-block-text__text\">Best time: early morning<br>Crowd level: calm for most of the day, even in summer.<br>Recommended for: couples, honeymoon, marriage proposal, families with children and seniors, individual session.<\/p><\/div>\n<\/div><\/div><\/div>\n<\/div><\/div>\n\n\n\n<div class=\"wp-block-stackable-button-group stk-block-button-group stk-block stk-2192fd9\" data-block-id=\"2192fd9\"><div class=\"stk-row stk-inner-blocks has-text-align-center stk-block-content stk-button-group\">\n<div class=\"wp-block-stackable-button stk-block-button has-text-align-center is-style-ghost stk-block stk-1c423a0\" data-block-id=\"1c423a0\"><style>.stk-1c423a0 , .stk-1c423a0 .stk-button{width:100% !important;}.stk-1c423a0 {flex:1 0 var(--stk-button-group-flex-wrap, 0) !important;}.stk-1c423a0 .stk-button{background:transparent !important;}.stk-1c423a0 .stk-button:hover:after{background:var(--theme-palette-color-2, #25ad99) !important;opacity:1 !important;}:where(.stk-hover-parent:hover,  .stk-hover-parent.stk--is-hovered) .stk-1c423a0 .stk-button:after{background:transparent !important;opacity:1 !important;}.stk-1c423a0 .stk-button:before{border-style:solid !important;}.stk-1c423a0 .stk-button:hover .stk-button__inner-text{color:var(--theme-palette-color-8, #ffffff) !important;}<\/style><a class=\"stk-link stk-button stk--hover-effect-darken\" href=\"javascript:window.parent.postMessage({type:'CT_CLOSE_AND_GO', target:'#agenda'}, '*');\"><span class=\"stk-button__inner-text\">Book Your Session<\/span><\/a><\/div>\n<\/div><\/div>\n\n\n\n<div class=\"wp-block-stackable-map stk-block-map stk-block stk-fbf70a3\" data-block-id=\"fbf70a3\"><iframe\n\t\t\t\t\t\ttitle=\"Embedded content from the Google Maps platform.\"\n\t\t\t\t\t\tsrc=\"https:\/\/maps.google.com\/maps?q=Deque da Praia Ponta das Canas&#038;t=&#038;z=12&#038;ie=UTF8&#038;output=embed\"\n\t\t\t\t\t\tstyle=\"border:0;width:100%;max-width:none;max-height:none;height:100%;\"\n\t\t\t\t\t\taria-hidden=\"false\"\n\t\t\t\t\t\ttabindex=\"0\"\n\t\t\t\t\t\tallowfullscreen\n\t\t\t\t\t\tloading=\"lazy\"\n\t\t\t\t\t\tframeborder=\"0\"\n\t\t\t\t\t><\/iframe><\/div>\n<\/div><\/div><\/div>\n<\/div><\/div>","protected":false},"excerpt":{"rendered":"<p>Praia de Ponta das Canas Ponta das Canas \u00e9 uma praia com clima mais reservado e acolhedor, perfeita para quem quer fugir do agito e viver Floripa com mais tranquilidade. A regi\u00e3o tem mar extremamente calmo, visual aberto. O cen\u00e1rio \u00e9 ideal para ensaios com est\u00e9tica mais natural e elegante, com aquela vibe de viagem [&hellip;]<\/p>\n","protected":false},"author":4,"featured_media":0,"parent":5417,"menu_order":4,"comment_status":"closed","ping_status":"closed","template":"","meta":{"footnotes":""},"class_list":["post-5861","page","type-page","status-publish","hentry"],"blocksy_meta":{"disable_header":"yes","disable_footer":"yes","has_hero_section":"disabled","styles_descriptor":{"styles":{"desktop":"","tablet":"","mobile":""},"google_fonts":[],"version":6}},"_links":{"self":[{"href":"https:\/\/fotofloripa.estudion2.com.br\/en\/wp-json\/wp\/v2\/pages\/5861","targetHints":{"allow":["GET"]}}],"collection":[{"href":"https:\/\/fotofloripa.estudion2.com.br\/en\/wp-json\/wp\/v2\/pages"}],"about":[{"href":"https:\/\/fotofloripa.estudion2.com.br\/en\/wp-json\/wp\/v2\/types\/page"}],"author":[{"embeddable":true,"href":"https:\/\/fotofloripa.estudion2.com.br\/en\/wp-json\/wp\/v2\/users\/4"}],"replies":[{"embeddable":true,"href":"https:\/\/fotofloripa.estudion2.com.br\/en\/wp-json\/wp\/v2\/comments?post=5861"}],"version-history":[{"count":1,"href":"https:\/\/fotofloripa.estudion2.com.br\/en\/wp-json\/wp\/v2\/pages\/5861\/revisions"}],"predecessor-version":[{"id":6430,"href":"https:\/\/fotofloripa.estudion2.com.br\/en\/wp-json\/wp\/v2\/pages\/5861\/revisions\/6430"}],"up":[{"embeddable":true,"href":"https:\/\/fotofloripa.estudion2.com.br\/en\/wp-json\/wp\/v2\/pages\/5417"}],"wp:attachment":[{"href":"https:\/\/fotofloripa.estudion2.com.br\/en\/wp-json\/wp\/v2\/media?parent=5861"}],"curies":[{"name":"wp","href":"https:\/\/api.w.org\/{rel}","templated":true}]}}