{"id":5862,"date":"2025-10-28T16:53:13","date_gmt":"2026-02-03T20:20:56","guid":{"rendered":"https:\/\/fotofloripa.estudion2.com.br\/?page_id=5862"},"modified":"2026-03-18T09:21:05","modified_gmt":"2026-03-18T12:21:05","slug":"praia-de-canasjure","status":"publish","type":"page","link":"https:\/\/fotofloripa.estudion2.com.br\/en\/florianopolis\/praia-de-canasjure\/","title":{"rendered":"Canasjur\u00ea Beach"},"content":{"rendered":"<div class=\"wp-block-stackable-columns stk-block-columns stk-block stk-3eabaa1\" data-block-id=\"3eabaa1\"><style>.stk-3eabaa1 {margin-top:-40px !important;}<\/style><div class=\"stk-row stk-inner-blocks stk-block-content stk-content-align stk-3eabaa1-column\">\n<div class=\"wp-block-stackable-column stk-block-column stk-column stk-block stk-0a943fa\" data-v=\"4\" data-block-id=\"0a943fa\"><style>.stk-0a943fa-inner-blocks{justify-content:space-between !important;}<\/style><div class=\"stk-column-wrapper stk-block-column__content stk-container stk-0a943fa-container stk--no-background stk--no-padding\"><div class=\"stk--column-flex stk-block-content stk-inner-blocks stk-0a943fa-inner-blocks\">\n<div class=\"wp-block-stackable-heading stk-block-heading stk-block-heading--v2 stk-block stk-404a5f5\" id=\"heading-placeholder\" data-block-id=\"404a5f5\"><h2 class=\"stk-block-heading__text\">Canasjur\u00ea Beach<\/h2><\/div>\n\n\n\n<div class=\"wp-block-stackable-text stk-block-text stk-block stk-14eab8e\" data-block-id=\"14eab8e\"><style>.stk-14eab8e {margin-bottom:40px !important;}<\/style><p class=\"stk-block-text__text\">Canasjur\u00ea is one of the most beautiful and secluded beaches in the north of the island, well known for its quieter and more exclusive atmosphere, away from the intense movement of Canasvieiras. The area has calm waters, a cleaner landscape, and a relaxing atmosphere, perfect for those looking for natural photos with that \u201cprivate beach\u201d feeling. Access requires a short walk, which helps keep the area with fewer people around, making it ideal for photo sessions with more privacy.<\/p><\/div>\n\n\n\n<div class=\"wp-block-stackable-columns stk-block-columns stk-block stk-6b67e27\" data-block-id=\"6b67e27\"><style>.stk-6b67e27 .stk--block-align-6b67e27{align-items:center !important;}.stk-6b67e27 {margin-bottom:0px !important;}<\/style><div class=\"stk-row stk-inner-blocks stk--block-align-6b67e27 stk-block-content stk-content-align stk-6b67e27-column\">\n<div class=\"wp-block-stackable-column stk-block-column stk-column stk-block stk-b38aa0e\" data-v=\"4\" data-block-id=\"b38aa0e\"><style>.stk-b38aa0e {align-self:flex-start !important;}.stk-b38aa0e-inner-blocks{justify-content:flex-start !important;}@media screen and (min-width:690px){.stk-b38aa0e {flex:var(--stk-flex-grow, 1) 1 calc(15% - var(--stk-column-gap, 0px) * 1 \/ 2 ) !important;}}<\/style><div class=\"stk-column-wrapper stk-block-column__content stk-container stk-b38aa0e-container stk--no-background stk--no-padding\"><div class=\"stk--column-flex stk-block-content stk-inner-blocks stk-b38aa0e-inner-blocks\">\n<div class=\"wp-block-stackable-icon stk-block-icon has-text-align-center stk-block stk-f4ae69d\" data-block-id=\"f4ae69d\"><span class=\"stk--svg-wrapper\"><div class=\"stk--inner-svg\"><svg style=\"height:0;width:0\"><defs><lineargradient id=\"linear-gradient-f4ae69d\" x1=\"0\" x2=\"100%\" y1=\"0\" y2=\"0\"><stop offset=\"0%\" style=\"stop-opacity:1;stop-color:var(--linear-gradient-f-4-ae-69-d-color-1)\"><\/stop><stop offset=\"100%\" style=\"stop-opacity:1;stop-color:var(--linear-gradient-f-4-ae-69-d-color-2)\"><\/stop><\/lineargradient><\/defs><\/svg><svg xmlns=\"http:\/\/www.w3.org\/2000\/svg\" viewbox=\"0 0 384 512\" aria-hidden=\"true\" width=\"32\" height=\"32\"><path d=\"M215.7 499.2C267 435 384 279.4 384 192C384 86 298 0 192 0S0 86 0 192c0 87.4 117 243 168.3 307.2c12.3 15.3 35.1 15.3 47.4 0zM192 128a64 64 0 1 1 0 128 64 64 0 1 1 0-128z\"\/><\/svg><\/div><\/span><\/div>\n<\/div><\/div><\/div>\n\n\n\n<div class=\"wp-block-stackable-column stk-block-column stk-column stk-block stk-c714933\" data-v=\"4\" data-block-id=\"c714933\"><style>@media screen and (min-width:690px){.stk-c714933 {flex:var(--stk-flex-grow, 1) 1 calc(85% - var(--stk-column-gap, 0px) * 1 \/ 2 ) !important;}}<\/style><div class=\"stk-column-wrapper stk-block-column__content stk-container stk-c714933-container stk--no-background stk--no-padding\"><div class=\"has-text-align-center-mobile stk-block-content stk-inner-blocks stk-c714933-inner-blocks\">\n<div class=\"wp-block-stackable-text stk-block-text stk-block stk-2f1305f\" data-block-id=\"2f1305f\"><style>.stk-2f1305f {margin-bottom:2px !important;}.stk-2f1305f .stk-block-text__text{font-weight:bold !important;}<\/style><p class=\"stk-block-text__text\">Meeting Point<\/p><\/div>\n\n\n\n<div class=\"wp-block-stackable-text stk-block-text stk-block stk-4b7f28d\" data-block-id=\"4b7f28d\"><p class=\"stk-block-text__text\">Beach access in front of Jurer\u00ea Vela Clube<br>Servid\u00e3o Waldemar Medeiros, 31, Jurer\u00ea Leste, Florian\u00f3polis, SC<\/p><\/div>\n<\/div><\/div><\/div>\n<\/div><\/div>\n\n\n\n<div class=\"wp-block-stackable-columns stk-block-columns stk-block stk-8f28a07\" data-block-id=\"8f28a07\"><style>.stk-8f28a07 .stk--block-align-8f28a07{align-items:center !important;}.stk-8f28a07 {margin-bottom:0px !important;}<\/style><div class=\"stk-row stk-inner-blocks stk--block-align-8f28a07 stk-block-content stk-content-align stk-8f28a07-column\">\n<div class=\"wp-block-stackable-column stk-block-column stk-column stk-block stk-0a99e11\" data-v=\"4\" data-block-id=\"0a99e11\"><style>.stk-0a99e11 {align-self:flex-start !important;}@media screen and (min-width:690px){.stk-0a99e11 {flex:var(--stk-flex-grow, 1) 1 calc(15% - var(--stk-column-gap, 0px) * 1 \/ 2 ) !important;}}<\/style><div class=\"stk-column-wrapper stk-block-column__content stk-container stk-0a99e11-container stk--no-background stk--no-padding\"><div class=\"stk-block-content stk-inner-blocks stk-0a99e11-inner-blocks\">\n<div class=\"wp-block-stackable-icon stk-block-icon has-text-align-center stk-block stk-aab08a5\" data-block-id=\"aab08a5\"><span class=\"stk--svg-wrapper\"><div class=\"stk--inner-svg\"><svg style=\"height:0;width:0\"><defs><lineargradient id=\"linear-gradient-aab08a5\" x1=\"0\" x2=\"100%\" y1=\"0\" y2=\"0\"><stop offset=\"0%\" style=\"stop-opacity:1;stop-color:var(--linear-gradient-aab-08-a-5-color-1)\"><\/stop><stop offset=\"100%\" style=\"stop-opacity:1;stop-color:var(--linear-gradient-aab-08-a-5-color-2)\"><\/stop><\/lineargradient><\/defs><\/svg><svg xmlns=\"http:\/\/www.w3.org\/2000\/svg\" viewbox=\"0 0 576 512\" aria-hidden=\"true\" width=\"32\" height=\"32\"><path d=\"M565.6 36.2C572.1 40.7 576 48.1 576 56V392c0 10-6.2 18.9-15.5 22.4l-168 64c-5.2 2-10.9 2.1-16.1 .3L192.5 417.5l-160 61c-7.4 2.8-15.7 1.8-22.2-2.7S0 463.9 0 456V120c0-10 6.1-18.9 15.5-22.4l168-64c5.2-2 10.9-2.1 16.1-.3L383.5 94.5l160-61c7.4-2.8 15.7-1.8 22.2 2.7zM48 136.5V421.2l120-45.7V90.8L48 136.5zM360 422.7V137.3l-144-48V374.7l144 48zm48-1.5l120-45.7V90.8L408 136.5V421.2z\"\/><\/svg><\/div><\/span><\/div>\n<\/div><\/div><\/div>\n\n\n\n<div class=\"wp-block-stackable-column stk-block-column stk-column stk-block stk-bac1d66\" data-v=\"4\" data-block-id=\"bac1d66\"><style>@media screen and (min-width:690px){.stk-bac1d66 {flex:var(--stk-flex-grow, 1) 1 calc(85% - var(--stk-column-gap, 0px) * 1 \/ 2 ) !important;}}<\/style><div class=\"stk-column-wrapper stk-block-column__content stk-container stk-bac1d66-container stk--no-background stk--no-padding\"><div class=\"has-text-align-center-mobile stk-block-content stk-inner-blocks stk-bac1d66-inner-blocks\">\n<div class=\"wp-block-stackable-text stk-block-text stk-block stk-4c03d62\" data-block-id=\"4c03d62\"><style>.stk-4c03d62 {margin-bottom:2px !important;}.stk-4c03d62 .stk-block-text__text{font-weight:bold !important;}<\/style><p class=\"stk-block-text__text\">Location<\/p><\/div>\n\n\n\n<div class=\"wp-block-stackable-text stk-block-text stk-block stk-5fdd7df\" data-block-id=\"5fdd7df\"><p class=\"stk-block-text__text\">North of the Island<br>4 km from Canasvieiras<br>23 km from downtown Florian\u00f3polis<br>31 km from Herc\u00edlio Luz International Airport<\/p><\/div>\n<\/div><\/div><\/div>\n<\/div><\/div>\n\n\n\n<div class=\"wp-block-stackable-columns stk-block-columns stk-block stk-e769b30\" data-block-id=\"e769b30\"><style>.stk-e769b30 .stk--block-align-e769b30{align-items:center !important;}.stk-e769b30 {margin-bottom:0px !important;}<\/style><div class=\"stk-row stk-inner-blocks stk--block-align-e769b30 stk-block-content stk-content-align stk-e769b30-column\">\n<div class=\"wp-block-stackable-column stk-block-column stk-column stk-block stk-de74314\" data-v=\"4\" data-block-id=\"de74314\"><style>.stk-de74314 {align-self:flex-start !important;}.stk-de74314-inner-blocks{justify-content:flex-start !important;}@media screen and (min-width:690px){.stk-de74314 {flex:var(--stk-flex-grow, 1) 1 calc(15% - var(--stk-column-gap, 0px) * 1 \/ 2 ) !important;}}<\/style><div class=\"stk-column-wrapper stk-block-column__content stk-container stk-de74314-container stk--no-background stk--no-padding\"><div class=\"stk--column-flex stk-block-content stk-inner-blocks stk-de74314-inner-blocks\">\n<div class=\"wp-block-stackable-icon stk-block-icon has-text-align-center stk-block stk-4f098ab\" data-block-id=\"4f098ab\"><span class=\"stk--svg-wrapper\"><div class=\"stk--inner-svg\"><svg style=\"height:0;width:0\"><defs><lineargradient id=\"linear-gradient-4f098ab\" x1=\"0\" x2=\"100%\" y1=\"0\" y2=\"0\"><stop offset=\"0%\" style=\"stop-opacity:1;stop-color:var(--linear-gradient-4-f-098-ab-color-1)\"><\/stop><stop offset=\"100%\" style=\"stop-opacity:1;stop-color:var(--linear-gradient-4-f-098-ab-color-2)\"><\/stop><\/lineargradient><\/defs><\/svg><svg xmlns=\"http:\/\/www.w3.org\/2000\/svg\" viewbox=\"0 0 576 512\" aria-hidden=\"true\" width=\"32\" height=\"32\"><path d=\"M287.9 0c9.2 0 17.6 5.2 21.6 13.5l68.6 141.3 153.2 22.6c9 1.3 16.5 7.6 19.3 16.3s.5 18.1-5.9 24.5L433.6 328.4l26.2 155.6c1.5 9-2.2 18.1-9.7 23.5s-17.3 6-25.3 1.7l-137-73.2L151 509.1c-8.1 4.3-17.9 3.7-25.3-1.7s-11.2-14.5-9.7-23.5l26.2-155.6L31.1 218.2c-6.5-6.4-8.7-15.9-5.9-24.5s10.3-14.9 19.3-16.3l153.2-22.6L266.3 13.5C270.4 5.2 278.7 0 287.9 0zm0 79L235.4 187.2c-3.5 7.1-10.2 12.1-18.1 13.3L99 217.9 184.9 303c5.5 5.5 8.1 13.3 6.8 21L171.4 443.7l105.2-56.2c7.1-3.8 15.6-3.8 22.6 0l105.2 56.2L384.2 324.1c-1.3-7.7 1.2-15.5 6.8-21l85.9-85.1L358.6 200.5c-7.8-1.2-14.6-6.1-18.1-13.3L287.9 79z\"\/><\/svg><\/div><\/span><\/div>\n<\/div><\/div><\/div>\n\n\n\n<div class=\"wp-block-stackable-column stk-block-column stk-column stk-block stk-8183980\" data-v=\"4\" data-block-id=\"8183980\"><style>@media screen and (min-width:690px){.stk-8183980 {flex:var(--stk-flex-grow, 1) 1 calc(85% - var(--stk-column-gap, 0px) * 1 \/ 2 ) !important;}}<\/style><div class=\"stk-column-wrapper stk-block-column__content stk-container stk-8183980-container stk--no-background stk--no-padding\"><div class=\"has-text-align-center-mobile stk-block-content stk-inner-blocks stk-8183980-inner-blocks\">\n<div class=\"wp-block-stackable-text stk-block-text stk-block stk-61e38c1\" data-block-id=\"61e38c1\"><style>.stk-61e38c1 {margin-bottom:2px !important;}.stk-61e38c1 .stk-block-text__text{font-weight:bold !important;}<\/style><p class=\"stk-block-text__text\">Highlight<\/p><\/div>\n\n\n\n<div class=\"wp-block-stackable-text stk-block-text stk-block stk-4616813\" data-block-id=\"4616813\"><p class=\"stk-block-text__text\">More exclusive atmosphere and calm sea<\/p><\/div>\n<\/div><\/div><\/div>\n<\/div><\/div>\n\n\n\n<div class=\"wp-block-stackable-columns stk-block-columns stk-block stk-e8c8740\" data-block-id=\"e8c8740\"><style>.stk-e8c8740 .stk--block-align-e8c8740{align-items:center !important;}.stk-e8c8740 {margin-bottom:0px !important;}<\/style><div class=\"stk-row stk-inner-blocks stk--block-align-e8c8740 stk-block-content stk-content-align stk-e8c8740-column\">\n<div class=\"wp-block-stackable-column stk-block-column stk-column stk-block stk-7d0126d\" data-v=\"4\" data-block-id=\"7d0126d\"><style>.stk-7d0126d {align-self:flex-start !important;}@media screen and (min-width:690px){.stk-7d0126d {flex:var(--stk-flex-grow, 1) 1 calc(15% - var(--stk-column-gap, 0px) * 1 \/ 2 ) !important;}}<\/style><div class=\"stk-column-wrapper stk-block-column__content stk-container stk-7d0126d-container stk--no-background stk--no-padding\"><div class=\"stk-block-content stk-inner-blocks stk-7d0126d-inner-blocks\">\n<div class=\"wp-block-stackable-icon stk-block-icon has-text-align-center stk-block stk-4384254\" data-block-id=\"4384254\"><span class=\"stk--svg-wrapper\"><div class=\"stk--inner-svg\"><svg style=\"height:0;width:0\"><defs><lineargradient id=\"linear-gradient-4384254\" x1=\"0\" x2=\"100%\" y1=\"0\" y2=\"0\"><stop offset=\"0%\" style=\"stop-opacity:1;stop-color:var(--linear-gradient-4384254-color-1)\"><\/stop><stop offset=\"100%\" style=\"stop-opacity:1;stop-color:var(--linear-gradient-4384254-color-2)\"><\/stop><\/lineargradient><\/defs><\/svg><svg xmlns=\"http:\/\/www.w3.org\/2000\/svg\" viewbox=\"0 0 512 512\" aria-hidden=\"true\" width=\"32\" height=\"32\"><path d=\"M152.1 38.2c9.9 8.9 10.7 24 1.8 33.9l-72 80c-4.4 4.9-10.6 7.8-17.2 7.9s-12.9-2.4-17.6-7L7 113C-2.3 103.6-2.3 88.4 7 79s24.6-9.4 33.9 0l22.1 22.1 55.1-61.2c8.9-9.9 24-10.7 33.9-1.8zm0 160c9.9 8.9 10.7 24 1.8 33.9l-72 80c-4.4 4.9-10.6 7.8-17.2 7.9s-12.9-2.4-17.6-7L7 273c-9.4-9.4-9.4-24.6 0-33.9s24.6-9.4 33.9 0l22.1 22.1 55.1-61.2c8.9-9.9 24-10.7 33.9-1.8zM224 96c0-17.7 14.3-32 32-32H480c17.7 0 32 14.3 32 32s-14.3 32-32 32H256c-17.7 0-32-14.3-32-32zm0 160c0-17.7 14.3-32 32-32H480c17.7 0 32 14.3 32 32s-14.3 32-32 32H256c-17.7 0-32-14.3-32-32zM160 416c0-17.7 14.3-32 32-32H480c17.7 0 32 14.3 32 32s-14.3 32-32 32H192c-17.7 0-32-14.3-32-32zM48 368a48 48 0 1 1 0 96 48 48 0 1 1 0-96z\"\/><\/svg><\/div><\/span><\/div>\n<\/div><\/div><\/div>\n\n\n\n<div class=\"wp-block-stackable-column stk-block-column stk-column stk-block stk-315c9e9\" data-v=\"4\" data-block-id=\"315c9e9\"><style>@media screen and (min-width:690px){.stk-315c9e9 {flex:var(--stk-flex-grow, 1) 1 calc(85% - var(--stk-column-gap, 0px) * 1 \/ 2 ) !important;}}<\/style><div class=\"stk-column-wrapper stk-block-column__content stk-container stk-315c9e9-container stk--no-background stk--no-padding\"><div class=\"has-text-align-center-mobile stk-block-content stk-inner-blocks stk-315c9e9-inner-blocks\">\n<div class=\"wp-block-stackable-text stk-block-text stk-block stk-3b57693\" data-block-id=\"3b57693\"><style>.stk-3b57693 {margin-bottom:2px !important;}.stk-3b57693 .stk-block-text__text{font-weight:bold !important;}<\/style><p class=\"stk-block-text__text\">Features<\/p><\/div>\n\n\n\n<div class=\"wp-block-stackable-text stk-block-text stk-block stk-77482c3\" data-block-id=\"77482c3\"><p class=\"stk-block-text__text\">\u2013 Calm sea<br>\u2013 More secluded beach<br>\u2013 Open landscape and clean scenery<br>\u2013 Ideal for private photo sessions<\/p><\/div>\n<\/div><\/div><\/div>\n<\/div><\/div>\n\n\n\n<div class=\"wp-block-stackable-columns stk-block-columns stk-block stk-c88797b\" data-block-id=\"c88797b\"><style>.stk-c88797b .stk--block-align-c88797b{align-items:center !important;}.stk-c88797b {margin-bottom:0px !important;}<\/style><div class=\"stk-row stk-inner-blocks stk--block-align-c88797b stk-block-content stk-content-align stk-c88797b-column\">\n<div class=\"wp-block-stackable-column stk-block-column stk-column stk-block stk-55764e9\" data-v=\"4\" data-block-id=\"55764e9\"><style>.stk-55764e9 {align-self:flex-start !important;}@media screen and (min-width:690px){.stk-55764e9 {flex:var(--stk-flex-grow, 1) 1 calc(15% - var(--stk-column-gap, 0px) * 1 \/ 2 ) !important;}}<\/style><div class=\"stk-column-wrapper stk-block-column__content stk-container stk-55764e9-container stk--no-background stk--no-padding\"><div class=\"stk-block-content stk-inner-blocks stk-55764e9-inner-blocks\">\n<div class=\"wp-block-stackable-icon stk-block-icon has-text-align-center stk-block stk-7042486\" data-block-id=\"7042486\"><span class=\"stk--svg-wrapper\"><div class=\"stk--inner-svg\"><svg style=\"height:0;width:0\"><defs><lineargradient id=\"linear-gradient-7042486\" x1=\"0\" x2=\"100%\" y1=\"0\" y2=\"0\"><stop offset=\"0%\" style=\"stop-opacity:1;stop-color:var(--linear-gradient-7042486-color-1)\"><\/stop><stop offset=\"100%\" style=\"stop-opacity:1;stop-color:var(--linear-gradient-7042486-color-2)\"><\/stop><\/lineargradient><\/defs><\/svg><svg xmlns=\"http:\/\/www.w3.org\/2000\/svg\" viewbox=\"0 0 384 512\" aria-hidden=\"true\" width=\"32\" height=\"32\"><path d=\"M297.2 248.9C311.6 228.3 320 203.2 320 176c0-70.7-57.3-128-128-128S64 105.3 64 176c0 27.2 8.4 52.3 22.8 72.9c3.7 5.3 8.1 11.3 12.8 17.7l0 0c12.9 17.7 28.3 38.9 39.8 59.8c10.4 19 15.7 38.8 18.3 57.5H109c-2.2-12-5.9-23.7-11.8-34.5c-9.9-18-22.2-34.9-34.5-51.8l0 0 0 0c-5.2-7.1-10.4-14.2-15.4-21.4C27.6 247.9 16 213.3 16 176C16 78.8 94.8 0 192 0s176 78.8 176 176c0 37.3-11.6 71.9-31.4 100.3c-5 7.2-10.2 14.3-15.4 21.4l0 0 0 0c-12.3 16.8-24.6 33.7-34.5 51.8c-5.9 10.8-9.6 22.5-11.8 34.5H226.4c2.6-18.7 7.9-38.6 18.3-57.5c11.5-20.9 26.9-42.1 39.8-59.8l0 0 0 0 0 0c4.7-6.4 9-12.4 12.7-17.7zM192 128c-26.5 0-48 21.5-48 48c0 8.8-7.2 16-16 16s-16-7.2-16-16c0-44.2 35.8-80 80-80c8.8 0 16 7.2 16 16s-7.2 16-16 16zm0 384c-44.2 0-80-35.8-80-80V416H272v16c0 44.2-35.8 80-80 80z\"\/><\/svg><\/div><\/span><\/div>\n<\/div><\/div><\/div>\n\n\n\n<div class=\"wp-block-stackable-column stk-block-column stk-column stk-block stk-a35a1d8\" data-v=\"4\" data-block-id=\"a35a1d8\"><style>@media screen and (min-width:690px){.stk-a35a1d8 {flex:var(--stk-flex-grow, 1) 1 calc(85% - var(--stk-column-gap, 0px) * 1 \/ 2 ) !important;}}<\/style><div class=\"stk-column-wrapper stk-block-column__content stk-container stk-a35a1d8-container stk--no-background stk--no-padding\"><div class=\"has-text-align-center-mobile stk-block-content stk-inner-blocks stk-a35a1d8-inner-blocks\">\n<div class=\"wp-block-stackable-text stk-block-text stk-block stk-dd6d388\" data-block-id=\"dd6d388\"><style>.stk-dd6d388 {margin-bottom:2px !important;}.stk-dd6d388 .stk-block-text__text{font-weight:bold !important;}<\/style><p class=\"stk-block-text__text\">Tips for the Photo Session<\/p><\/div>\n\n\n\n<div class=\"wp-block-stackable-text stk-block-text stk-block stk-aba9126\" data-block-id=\"aba9126\"><p class=\"stk-block-text__text\">Best time: early morning<br>Crowd level: moderate in summer, usually quieter than Canasvieiras.<br>Recommended for: couples, honeymoon, marriage proposal, individual session.<\/p><\/div>\n<\/div><\/div><\/div>\n<\/div><\/div>\n\n\n\n<div class=\"wp-block-stackable-button-group stk-block-button-group stk-block stk-f2948bf\" data-block-id=\"f2948bf\"><div class=\"stk-row stk-inner-blocks has-text-align-center stk-block-content stk-button-group\">\n<div class=\"wp-block-stackable-button stk-block-button has-text-align-center is-style-ghost stk-block stk-46ce6a2\" data-block-id=\"46ce6a2\"><style>.stk-46ce6a2 , .stk-46ce6a2 .stk-button{width:100% !important;}.stk-46ce6a2 {flex:1 0 var(--stk-button-group-flex-wrap, 0) !important;}.stk-46ce6a2 .stk-button{background:transparent !important;}.stk-46ce6a2 .stk-button:hover:after{background:var(--theme-palette-color-2, #25ad99) !important;opacity:1 !important;}:where(.stk-hover-parent:hover,  .stk-hover-parent.stk--is-hovered) .stk-46ce6a2 .stk-button:after{background:transparent !important;opacity:1 !important;}.stk-46ce6a2 .stk-button:before{border-style:solid !important;}.stk-46ce6a2 .stk-button:hover .stk-button__inner-text{color:var(--theme-palette-color-8, #ffffff) !important;}<\/style><a class=\"stk-link stk-button stk--hover-effect-darken\" href=\"javascript:window.parent.postMessage({type:'CT_CLOSE_AND_GO', target:'#agenda'}, '*');\"><span class=\"stk-button__inner-text\">Book Your Session<\/span><\/a><\/div>\n<\/div><\/div>\n\n\n\n<div class=\"wp-block-stackable-map stk-block-map stk-block stk-d74f6d8\" data-block-id=\"d74f6d8\"><iframe\n\t\t\t\t\t\ttitle=\"Embedded content from the Google Maps platform.\"\n\t\t\t\t\t\tsrc=\"https:\/\/maps.google.com\/maps?q=Sa\u00edda para a Praia em Frente ao Jurer\u00ea Vela Clube Servid\u00e3o Waldemar Medeiros, 31, Jurere Leste, Florian\u00f3polis, SC, 88054-655&#038;t=&#038;z=12&#038;ie=UTF8&#038;output=embed\"\n\t\t\t\t\t\tstyle=\"border:0;width:100%;max-width:none;max-height:none;height:100%;\"\n\t\t\t\t\t\taria-hidden=\"false\"\n\t\t\t\t\t\ttabindex=\"0\"\n\t\t\t\t\t\tallowfullscreen\n\t\t\t\t\t\tloading=\"lazy\"\n\t\t\t\t\t\tframeborder=\"0\"\n\t\t\t\t\t><\/iframe><\/div>\n<\/div><\/div><\/div>\n<\/div><\/div>","protected":false},"excerpt":{"rendered":"<p>Praia de Canasjur\u00ea Canasjur\u00ea \u00e9 uma das praias mais bonitas e reservadas do Norte da Ilha, muito procurada por seu cen\u00e1rio mais tranquilo e exclusivo, longe do movimento intenso de Canasvieiras. A regi\u00e3o tem mar calmo, visual mais clean e um clima de descanso, perfeito para quem busca fotos naturais, com aquela sensa\u00e7\u00e3o de \u201cpraia [&hellip;]<\/p>\n","protected":false},"author":4,"featured_media":0,"parent":5417,"menu_order":5,"comment_status":"closed","ping_status":"closed","template":"","meta":{"footnotes":""},"class_list":["post-5862","page","type-page","status-publish","hentry"],"blocksy_meta":{"disable_header":"yes","disable_footer":"yes","has_hero_section":"disabled","styles_descriptor":{"styles":{"desktop":"","tablet":"","mobile":""},"google_fonts":[],"version":6}},"_links":{"self":[{"href":"https:\/\/fotofloripa.estudion2.com.br\/en\/wp-json\/wp\/v2\/pages\/5862","targetHints":{"allow":["GET"]}}],"collection":[{"href":"https:\/\/fotofloripa.estudion2.com.br\/en\/wp-json\/wp\/v2\/pages"}],"about":[{"href":"https:\/\/fotofloripa.estudion2.com.br\/en\/wp-json\/wp\/v2\/types\/page"}],"author":[{"embeddable":true,"href":"https:\/\/fotofloripa.estudion2.com.br\/en\/wp-json\/wp\/v2\/users\/4"}],"replies":[{"embeddable":true,"href":"https:\/\/fotofloripa.estudion2.com.br\/en\/wp-json\/wp\/v2\/comments?post=5862"}],"version-history":[{"count":1,"href":"https:\/\/fotofloripa.estudion2.com.br\/en\/wp-json\/wp\/v2\/pages\/5862\/revisions"}],"predecessor-version":[{"id":6429,"href":"https:\/\/fotofloripa.estudion2.com.br\/en\/wp-json\/wp\/v2\/pages\/5862\/revisions\/6429"}],"up":[{"embeddable":true,"href":"https:\/\/fotofloripa.estudion2.com.br\/en\/wp-json\/wp\/v2\/pages\/5417"}],"wp:attachment":[{"href":"https:\/\/fotofloripa.estudion2.com.br\/en\/wp-json\/wp\/v2\/media?parent=5862"}],"curies":[{"name":"wp","href":"https:\/\/api.w.org\/{rel}","templated":true}]}}