{"id":5885,"date":"2026-02-04T18:04:24","date_gmt":"2026-02-04T21:04:24","guid":{"rendered":"https:\/\/fotofloripa.estudion2.com.br\/?page_id=5885"},"modified":"2026-03-18T09:21:35","modified_gmt":"2026-03-18T12:21:35","slug":"praia-de-jurere","status":"publish","type":"page","link":"https:\/\/fotofloripa.estudion2.com.br\/es\/florianopolis\/praia-de-jurere\/","title":{"rendered":"Playa de Jurer\u00ea"},"content":{"rendered":"<div class=\"wp-block-stackable-columns stk-block-columns stk-block stk-92cbe2c\" data-block-id=\"92cbe2c\"><style>.stk-92cbe2c {margin-top:-40px !important;}<\/style><div class=\"stk-row stk-inner-blocks stk-block-content stk-content-align stk-92cbe2c-column\">\n<div class=\"wp-block-stackable-column stk-block-column stk-column stk-block stk-28c5cf1\" data-v=\"4\" data-block-id=\"28c5cf1\"><style>.stk-28c5cf1-inner-blocks{justify-content:space-between !important;}<\/style><div class=\"stk-column-wrapper stk-block-column__content stk-container stk-28c5cf1-container stk--no-background stk--no-padding\"><div class=\"stk--column-flex stk-block-content stk-inner-blocks stk-28c5cf1-inner-blocks\">\n<div class=\"wp-block-stackable-heading stk-block-heading stk-block-heading--v2 stk-block stk-2d0c068\" id=\"heading-placeholder\" data-block-id=\"2d0c068\"><h2 class=\"stk-block-heading__text\">Playa de Jurer\u00ea<\/h2><\/div>\n\n\n\n<div class=\"wp-block-stackable-text stk-block-text stk-block stk-8d335c0\" data-block-id=\"8d335c0\"><style>.stk-8d335c0 {margin-bottom:40px !important;}<\/style><p class=\"stk-block-text__text\">Jurer\u00ea es una de las playas m\u00e1s sofisticadas y deseadas de Florian\u00f3polis. El escenario combina mar tranquilo, una franja de arena bien cuidada y una est\u00e9tica elegante, perfecta para sesiones con un estilo m\u00e1s refinado, moderno y con esa vibra de viaje premium.<\/p><\/div>\n\n\n\n<div class=\"wp-block-stackable-columns stk-block-columns stk-block stk-161796b\" data-block-id=\"161796b\"><style>.stk-161796b .stk--block-align-161796b{align-items:center !important;}.stk-161796b {margin-bottom:0px !important;}<\/style><div class=\"stk-row stk-inner-blocks stk--block-align-161796b stk-block-content stk-content-align stk-161796b-column\">\n<div class=\"wp-block-stackable-column stk-block-column stk-column stk-block stk-56176f4\" data-v=\"4\" data-block-id=\"56176f4\"><style>.stk-56176f4 {align-self:flex-start !important;}.stk-56176f4-inner-blocks{justify-content:flex-start !important;}@media screen and (min-width:690px){.stk-56176f4 {flex:var(--stk-flex-grow, 1) 1 calc(15% - var(--stk-column-gap, 0px) * 1 \/ 2 ) !important;}}<\/style><div class=\"stk-column-wrapper stk-block-column__content stk-container stk-56176f4-container stk--no-background stk--no-padding\"><div class=\"stk--column-flex stk-block-content stk-inner-blocks stk-56176f4-inner-blocks\">\n<div class=\"wp-block-stackable-icon stk-block-icon has-text-align-center stk-block stk-227541a\" data-block-id=\"227541a\"><span class=\"stk--svg-wrapper\"><div class=\"stk--inner-svg\"><svg style=\"height:0;width:0\"><defs><lineargradient id=\"linear-gradient-227541a\" x1=\"0\" x2=\"100%\" y1=\"0\" y2=\"0\"><stop offset=\"0%\" style=\"stop-opacity:1;stop-color:var(--linear-gradient-227541-a-color-1)\"><\/stop><stop offset=\"100%\" style=\"stop-opacity:1;stop-color:var(--linear-gradient-227541-a-color-2)\"><\/stop><\/lineargradient><\/defs><\/svg><svg xmlns=\"http:\/\/www.w3.org\/2000\/svg\" viewbox=\"0 0 384 512\" aria-hidden=\"true\" width=\"32\" height=\"32\"><path d=\"M215.7 499.2C267 435 384 279.4 384 192C384 86 298 0 192 0S0 86 0 192c0 87.4 117 243 168.3 307.2c12.3 15.3 35.1 15.3 47.4 0zM192 128a64 64 0 1 1 0 128 64 64 0 1 1 0-128z\"\/><\/svg><\/div><\/span><\/div>\n<\/div><\/div><\/div>\n\n\n\n<div class=\"wp-block-stackable-column stk-block-column stk-column stk-block stk-cf5b2ad\" data-v=\"4\" data-block-id=\"cf5b2ad\"><style>@media screen and (min-width:690px){.stk-cf5b2ad {flex:var(--stk-flex-grow, 1) 1 calc(85% - var(--stk-column-gap, 0px) * 1 \/ 2 ) !important;}}<\/style><div class=\"stk-column-wrapper stk-block-column__content stk-container stk-cf5b2ad-container stk--no-background stk--no-padding\"><div class=\"has-text-align-center-mobile stk-block-content stk-inner-blocks stk-cf5b2ad-inner-blocks\">\n<div class=\"wp-block-stackable-text stk-block-text stk-block stk-443fe89\" data-block-id=\"443fe89\"><style>.stk-443fe89 {margin-bottom:2px !important;}.stk-443fe89 .stk-block-text__text{font-weight:bold !important;}<\/style><p class=\"stk-block-text__text\">Punto de Encuentro<\/p><\/div>\n\n\n\n<div class=\"wp-block-stackable-text stk-block-text stk-block stk-cd0280b\" data-block-id=\"cd0280b\"><p class=\"stk-block-text__text\">Rampa N\u00e1utica Publica Jurer\u00ea<br>R. Prof. Heinz Braunsperger, 119, Jurer\u00ea, Florian\u00f3polis, SC, Brasil<\/p><\/div>\n<\/div><\/div><\/div>\n<\/div><\/div>\n\n\n\n<div class=\"wp-block-stackable-columns stk-block-columns stk-block stk-f091053\" data-block-id=\"f091053\"><style>.stk-f091053 .stk--block-align-f091053{align-items:center !important;}.stk-f091053 {margin-bottom:0px !important;}<\/style><div class=\"stk-row stk-inner-blocks stk--block-align-f091053 stk-block-content stk-content-align stk-f091053-column\">\n<div class=\"wp-block-stackable-column stk-block-column stk-column stk-block stk-64483f8\" data-v=\"4\" data-block-id=\"64483f8\"><style>.stk-64483f8 {align-self:flex-start !important;}@media screen and (min-width:690px){.stk-64483f8 {flex:var(--stk-flex-grow, 1) 1 calc(15% - var(--stk-column-gap, 0px) * 1 \/ 2 ) !important;}}<\/style><div class=\"stk-column-wrapper stk-block-column__content stk-container stk-64483f8-container stk--no-background stk--no-padding\"><div class=\"stk-block-content stk-inner-blocks stk-64483f8-inner-blocks\">\n<div class=\"wp-block-stackable-icon stk-block-icon has-text-align-center stk-block stk-35808b3\" data-block-id=\"35808b3\"><span class=\"stk--svg-wrapper\"><div class=\"stk--inner-svg\"><svg style=\"height:0;width:0\"><defs><lineargradient id=\"linear-gradient-35808b3\" x1=\"0\" x2=\"100%\" y1=\"0\" y2=\"0\"><stop offset=\"0%\" style=\"stop-opacity:1;stop-color:var(--linear-gradient-35808-b-3-color-1)\"><\/stop><stop offset=\"100%\" style=\"stop-opacity:1;stop-color:var(--linear-gradient-35808-b-3-color-2)\"><\/stop><\/lineargradient><\/defs><\/svg><svg xmlns=\"http:\/\/www.w3.org\/2000\/svg\" viewbox=\"0 0 576 512\" aria-hidden=\"true\" width=\"32\" height=\"32\"><path d=\"M565.6 36.2C572.1 40.7 576 48.1 576 56V392c0 10-6.2 18.9-15.5 22.4l-168 64c-5.2 2-10.9 2.1-16.1 .3L192.5 417.5l-160 61c-7.4 2.8-15.7 1.8-22.2-2.7S0 463.9 0 456V120c0-10 6.1-18.9 15.5-22.4l168-64c5.2-2 10.9-2.1 16.1-.3L383.5 94.5l160-61c7.4-2.8 15.7-1.8 22.2 2.7zM48 136.5V421.2l120-45.7V90.8L48 136.5zM360 422.7V137.3l-144-48V374.7l144 48zm48-1.5l120-45.7V90.8L408 136.5V421.2z\"\/><\/svg><\/div><\/span><\/div>\n<\/div><\/div><\/div>\n\n\n\n<div class=\"wp-block-stackable-column stk-block-column stk-column stk-block stk-13334b4\" data-v=\"4\" data-block-id=\"13334b4\"><style>@media screen and (min-width:690px){.stk-13334b4 {flex:var(--stk-flex-grow, 1) 1 calc(85% - var(--stk-column-gap, 0px) * 1 \/ 2 ) !important;}}<\/style><div class=\"stk-column-wrapper stk-block-column__content stk-container stk-13334b4-container stk--no-background stk--no-padding\"><div class=\"has-text-align-center-mobile stk-block-content stk-inner-blocks stk-13334b4-inner-blocks\">\n<div class=\"wp-block-stackable-text stk-block-text stk-block stk-ac9a21f\" data-block-id=\"ac9a21f\"><style>.stk-ac9a21f {margin-bottom:2px !important;}.stk-ac9a21f .stk-block-text__text{font-weight:bold !important;}<\/style><p class=\"stk-block-text__text\">Ubicaci\u00f3n<\/p><\/div>\n\n\n\n<div class=\"wp-block-stackable-text stk-block-text stk-block stk-c24fd84\" data-block-id=\"c24fd84\"><p class=\"stk-block-text__text\">Norte de la Isla<br>7 km de Canasvieiras<br>25 km del centro de Florian\u00f3polis<br>33 km del Aeropuerto Internacional Herc\u00edlio Luz<\/p><\/div>\n<\/div><\/div><\/div>\n<\/div><\/div>\n\n\n\n<div class=\"wp-block-stackable-columns stk-block-columns stk-block stk-9395f5e\" data-block-id=\"9395f5e\"><style>.stk-9395f5e .stk--block-align-9395f5e{align-items:center !important;}.stk-9395f5e {margin-bottom:0px !important;}<\/style><div class=\"stk-row stk-inner-blocks stk--block-align-9395f5e stk-block-content stk-content-align stk-9395f5e-column\">\n<div class=\"wp-block-stackable-column stk-block-column stk-column stk-block stk-23b67c3\" data-v=\"4\" data-block-id=\"23b67c3\"><style>.stk-23b67c3 {align-self:flex-start !important;}.stk-23b67c3-inner-blocks{justify-content:flex-start !important;}@media screen and (min-width:690px){.stk-23b67c3 {flex:var(--stk-flex-grow, 1) 1 calc(15% - var(--stk-column-gap, 0px) * 1 \/ 2 ) !important;}}<\/style><div class=\"stk-column-wrapper stk-block-column__content stk-container stk-23b67c3-container stk--no-background stk--no-padding\"><div class=\"stk--column-flex stk-block-content stk-inner-blocks stk-23b67c3-inner-blocks\">\n<div class=\"wp-block-stackable-icon stk-block-icon has-text-align-center stk-block stk-1d0a754\" data-block-id=\"1d0a754\"><span class=\"stk--svg-wrapper\"><div class=\"stk--inner-svg\"><svg style=\"height:0;width:0\"><defs><lineargradient id=\"linear-gradient-1d0a754\" x1=\"0\" x2=\"100%\" y1=\"0\" y2=\"0\"><stop offset=\"0%\" style=\"stop-opacity:1;stop-color:var(--linear-gradient-1-d-0-a-754-color-1)\"><\/stop><stop offset=\"100%\" style=\"stop-opacity:1;stop-color:var(--linear-gradient-1-d-0-a-754-color-2)\"><\/stop><\/lineargradient><\/defs><\/svg><svg xmlns=\"http:\/\/www.w3.org\/2000\/svg\" viewbox=\"0 0 576 512\" aria-hidden=\"true\" width=\"32\" height=\"32\"><path d=\"M287.9 0c9.2 0 17.6 5.2 21.6 13.5l68.6 141.3 153.2 22.6c9 1.3 16.5 7.6 19.3 16.3s.5 18.1-5.9 24.5L433.6 328.4l26.2 155.6c1.5 9-2.2 18.1-9.7 23.5s-17.3 6-25.3 1.7l-137-73.2L151 509.1c-8.1 4.3-17.9 3.7-25.3-1.7s-11.2-14.5-9.7-23.5l26.2-155.6L31.1 218.2c-6.5-6.4-8.7-15.9-5.9-24.5s10.3-14.9 19.3-16.3l153.2-22.6L266.3 13.5C270.4 5.2 278.7 0 287.9 0zm0 79L235.4 187.2c-3.5 7.1-10.2 12.1-18.1 13.3L99 217.9 184.9 303c5.5 5.5 8.1 13.3 6.8 21L171.4 443.7l105.2-56.2c7.1-3.8 15.6-3.8 22.6 0l105.2 56.2L384.2 324.1c-1.3-7.7 1.2-15.5 6.8-21l85.9-85.1L358.6 200.5c-7.8-1.2-14.6-6.1-18.1-13.3L287.9 79z\"\/><\/svg><\/div><\/span><\/div>\n<\/div><\/div><\/div>\n\n\n\n<div class=\"wp-block-stackable-column stk-block-column stk-column stk-block stk-2b1d3e4\" data-v=\"4\" data-block-id=\"2b1d3e4\"><style>@media screen and (min-width:690px){.stk-2b1d3e4 {flex:var(--stk-flex-grow, 1) 1 calc(85% - var(--stk-column-gap, 0px) * 1 \/ 2 ) !important;}}<\/style><div class=\"stk-column-wrapper stk-block-column__content stk-container stk-2b1d3e4-container stk--no-background stk--no-padding\"><div class=\"has-text-align-center-mobile stk-block-content stk-inner-blocks stk-2b1d3e4-inner-blocks\">\n<div class=\"wp-block-stackable-text stk-block-text stk-block stk-f20cc80\" data-block-id=\"f20cc80\"><style>.stk-f20cc80 {margin-bottom:2px !important;}.stk-f20cc80 .stk-block-text__text{font-weight:bold !important;}<\/style><p class=\"stk-block-text__text\">Destacado<\/p><\/div>\n\n\n\n<div class=\"wp-block-stackable-text stk-block-text stk-block stk-ed63ee0\" data-block-id=\"ed63ee0\"><p class=\"stk-block-text__text\">Jurer\u00ea In<\/p><\/div>\n<\/div><\/div><\/div>\n<\/div><\/div>\n\n\n\n<div class=\"wp-block-stackable-columns stk-block-columns stk-block stk-512dfe3\" data-block-id=\"512dfe3\"><style>.stk-512dfe3 .stk--block-align-512dfe3{align-items:center !important;}.stk-512dfe3 {margin-bottom:0px !important;}<\/style><div class=\"stk-row stk-inner-blocks stk--block-align-512dfe3 stk-block-content stk-content-align stk-512dfe3-column\">\n<div class=\"wp-block-stackable-column stk-block-column stk-column stk-block stk-96db0f1\" data-v=\"4\" data-block-id=\"96db0f1\"><style>.stk-96db0f1 {align-self:flex-start !important;}@media screen and (min-width:690px){.stk-96db0f1 {flex:var(--stk-flex-grow, 1) 1 calc(15% - var(--stk-column-gap, 0px) * 1 \/ 2 ) !important;}}<\/style><div class=\"stk-column-wrapper stk-block-column__content stk-container stk-96db0f1-container stk--no-background stk--no-padding\"><div class=\"stk-block-content stk-inner-blocks stk-96db0f1-inner-blocks\">\n<div class=\"wp-block-stackable-icon stk-block-icon has-text-align-center stk-block stk-c64075f\" data-block-id=\"c64075f\"><span class=\"stk--svg-wrapper\"><div class=\"stk--inner-svg\"><svg style=\"height:0;width:0\"><defs><lineargradient id=\"linear-gradient-c64075f\" x1=\"0\" x2=\"100%\" y1=\"0\" y2=\"0\"><stop offset=\"0%\" style=\"stop-opacity:1;stop-color:var(--linear-gradient-c-64075-f-color-1)\"><\/stop><stop offset=\"100%\" style=\"stop-opacity:1;stop-color:var(--linear-gradient-c-64075-f-color-2)\"><\/stop><\/lineargradient><\/defs><\/svg><svg xmlns=\"http:\/\/www.w3.org\/2000\/svg\" viewbox=\"0 0 512 512\" aria-hidden=\"true\" width=\"32\" height=\"32\"><path d=\"M152.1 38.2c9.9 8.9 10.7 24 1.8 33.9l-72 80c-4.4 4.9-10.6 7.8-17.2 7.9s-12.9-2.4-17.6-7L7 113C-2.3 103.6-2.3 88.4 7 79s24.6-9.4 33.9 0l22.1 22.1 55.1-61.2c8.9-9.9 24-10.7 33.9-1.8zm0 160c9.9 8.9 10.7 24 1.8 33.9l-72 80c-4.4 4.9-10.6 7.8-17.2 7.9s-12.9-2.4-17.6-7L7 273c-9.4-9.4-9.4-24.6 0-33.9s24.6-9.4 33.9 0l22.1 22.1 55.1-61.2c8.9-9.9 24-10.7 33.9-1.8zM224 96c0-17.7 14.3-32 32-32H480c17.7 0 32 14.3 32 32s-14.3 32-32 32H256c-17.7 0-32-14.3-32-32zm0 160c0-17.7 14.3-32 32-32H480c17.7 0 32 14.3 32 32s-14.3 32-32 32H256c-17.7 0-32-14.3-32-32zM160 416c0-17.7 14.3-32 32-32H480c17.7 0 32 14.3 32 32s-14.3 32-32 32H192c-17.7 0-32-14.3-32-32zM48 368a48 48 0 1 1 0 96 48 48 0 1 1 0-96z\"\/><\/svg><\/div><\/span><\/div>\n<\/div><\/div><\/div>\n\n\n\n<div class=\"wp-block-stackable-column stk-block-column stk-column stk-block stk-569209b\" data-v=\"4\" data-block-id=\"569209b\"><style>@media screen and (min-width:690px){.stk-569209b {flex:var(--stk-flex-grow, 1) 1 calc(85% - var(--stk-column-gap, 0px) * 1 \/ 2 ) !important;}}<\/style><div class=\"stk-column-wrapper stk-block-column__content stk-container stk-569209b-container stk--no-background stk--no-padding\"><div class=\"has-text-align-center-mobile stk-block-content stk-inner-blocks stk-569209b-inner-blocks\">\n<div class=\"wp-block-stackable-text stk-block-text stk-block stk-42687cf\" data-block-id=\"42687cf\"><style>.stk-42687cf {margin-bottom:2px !important;}.stk-42687cf .stk-block-text__text{font-weight:bold !important;}<\/style><p class=\"stk-block-text__text\">Caracter\u00edsticas<\/p><\/div>\n\n\n\n<div class=\"wp-block-stackable-text stk-block-text stk-block stk-7b1450e\" data-block-id=\"7b1450e\"><p class=\"stk-block-text__text\">\u2013 Mar tranquilo y agua clara<br>\u2013 Amplia franja de arena<br>\u2013 F\u00e1cil acceso<br>\u2013 Amplia infraestructura<\/p><\/div>\n<\/div><\/div><\/div>\n<\/div><\/div>\n\n\n\n<div class=\"wp-block-stackable-columns stk-block-columns stk-block stk-c88797b\" data-block-id=\"c88797b\"><style>.stk-c88797b .stk--block-align-c88797b{align-items:center !important;}.stk-c88797b {margin-bottom:0px !important;}<\/style><div class=\"stk-row stk-inner-blocks stk--block-align-c88797b stk-block-content stk-content-align stk-c88797b-column\">\n<div class=\"wp-block-stackable-column stk-block-column stk-column stk-block stk-55764e9\" data-v=\"4\" data-block-id=\"55764e9\"><style>.stk-55764e9 {align-self:flex-start !important;}@media screen and (min-width:690px){.stk-55764e9 {flex:var(--stk-flex-grow, 1) 1 calc(15% - var(--stk-column-gap, 0px) * 1 \/ 2 ) !important;}}<\/style><div class=\"stk-column-wrapper stk-block-column__content stk-container stk-55764e9-container stk--no-background stk--no-padding\"><div class=\"stk-block-content stk-inner-blocks stk-55764e9-inner-blocks\">\n<div class=\"wp-block-stackable-icon stk-block-icon has-text-align-center stk-block stk-7042486\" data-block-id=\"7042486\"><span class=\"stk--svg-wrapper\"><div class=\"stk--inner-svg\"><svg style=\"height:0;width:0\"><defs><lineargradient id=\"linear-gradient-7042486\" x1=\"0\" x2=\"100%\" y1=\"0\" y2=\"0\"><stop offset=\"0%\" style=\"stop-opacity:1;stop-color:var(--linear-gradient-7042486-color-1)\"><\/stop><stop offset=\"100%\" style=\"stop-opacity:1;stop-color:var(--linear-gradient-7042486-color-2)\"><\/stop><\/lineargradient><\/defs><\/svg><svg xmlns=\"http:\/\/www.w3.org\/2000\/svg\" viewbox=\"0 0 384 512\" aria-hidden=\"true\" width=\"32\" height=\"32\"><path d=\"M297.2 248.9C311.6 228.3 320 203.2 320 176c0-70.7-57.3-128-128-128S64 105.3 64 176c0 27.2 8.4 52.3 22.8 72.9c3.7 5.3 8.1 11.3 12.8 17.7l0 0c12.9 17.7 28.3 38.9 39.8 59.8c10.4 19 15.7 38.8 18.3 57.5H109c-2.2-12-5.9-23.7-11.8-34.5c-9.9-18-22.2-34.9-34.5-51.8l0 0 0 0c-5.2-7.1-10.4-14.2-15.4-21.4C27.6 247.9 16 213.3 16 176C16 78.8 94.8 0 192 0s176 78.8 176 176c0 37.3-11.6 71.9-31.4 100.3c-5 7.2-10.2 14.3-15.4 21.4l0 0 0 0c-12.3 16.8-24.6 33.7-34.5 51.8c-5.9 10.8-9.6 22.5-11.8 34.5H226.4c2.6-18.7 7.9-38.6 18.3-57.5c11.5-20.9 26.9-42.1 39.8-59.8l0 0 0 0 0 0c4.7-6.4 9-12.4 12.7-17.7zM192 128c-26.5 0-48 21.5-48 48c0 8.8-7.2 16-16 16s-16-7.2-16-16c0-44.2 35.8-80 80-80c8.8 0 16 7.2 16 16s-7.2 16-16 16zm0 384c-44.2 0-80-35.8-80-80V416H272v16c0 44.2-35.8 80-80 80z\"\/><\/svg><\/div><\/span><\/div>\n<\/div><\/div><\/div>\n\n\n\n<div class=\"wp-block-stackable-column stk-block-column stk-column stk-block stk-a35a1d8\" data-v=\"4\" data-block-id=\"a35a1d8\"><style>@media screen and (min-width:690px){.stk-a35a1d8 {flex:var(--stk-flex-grow, 1) 1 calc(85% - var(--stk-column-gap, 0px) * 1 \/ 2 ) !important;}}<\/style><div class=\"stk-column-wrapper stk-block-column__content stk-container stk-a35a1d8-container stk--no-background stk--no-padding\"><div class=\"has-text-align-center-mobile stk-block-content stk-inner-blocks stk-a35a1d8-inner-blocks\">\n<div class=\"wp-block-stackable-text stk-block-text stk-block stk-dd6d388\" data-block-id=\"dd6d388\"><style>.stk-dd6d388 {margin-bottom:2px !important;}.stk-dd6d388 .stk-block-text__text{font-weight:bold !important;}<\/style><p class=\"stk-block-text__text\">Consejos para la Sesi\u00f3n<\/p><\/div>\n\n\n\n<div class=\"wp-block-stackable-text stk-block-text stk-block stk-aba9126\" data-block-id=\"aba9126\"><p class=\"stk-block-text__text\">Mejor horario: inicio de la ma\u00f1ana<br>Movimiento: alto en verano, principalmente por la tarde.<br>Recomendado para: pareja, luna de miel, propuesta de matrimonio, familia con ni\u00f1os y adultos mayores, sesi\u00f3n individual.<\/p><\/div>\n<\/div><\/div><\/div>\n<\/div><\/div>\n\n\n\n<div class=\"wp-block-stackable-button-group stk-block-button-group stk-block stk-4db7168\" data-block-id=\"4db7168\"><div class=\"stk-row stk-inner-blocks has-text-align-center stk-block-content stk-button-group\">\n<div class=\"wp-block-stackable-button stk-block-button has-text-align-center is-style-ghost stk-block stk-6884bcb\" data-block-id=\"6884bcb\"><style>.stk-6884bcb , .stk-6884bcb .stk-button{width:100% !important;}.stk-6884bcb {flex:1 0 var(--stk-button-group-flex-wrap, 0) !important;}.stk-6884bcb .stk-button{background:transparent !important;}.stk-6884bcb .stk-button:hover:after{background:var(--theme-palette-color-2, #25ad99) !important;opacity:1 !important;}:where(.stk-hover-parent:hover,  .stk-hover-parent.stk--is-hovered) .stk-6884bcb .stk-button:after{background:transparent !important;opacity:1 !important;}.stk-6884bcb .stk-button:before{border-style:solid !important;}.stk-6884bcb .stk-button:hover .stk-button__inner-text{color:var(--theme-palette-color-8, #ffffff) !important;}<\/style><a class=\"stk-link stk-button stk--hover-effect-darken\" href=\"javascript:window.parent.postMessage({type:'CT_CLOSE_AND_GO', target:'#agenda'}, '*');\"><span class=\"stk-button__inner-text\">Reserva tu Sesi\u00f3n<\/span><\/a><\/div>\n<\/div><\/div>\n\n\n\n<div class=\"wp-block-stackable-map stk-block-map stk-block stk-e3b0d88\" data-block-id=\"e3b0d88\"><iframe\n\t\t\t\t\t\ttitle=\"Contenido incrustado de la plataforma Google Maps.\"\n\t\t\t\t\t\tsrc=\"https:\/\/maps.google.com\/maps?q=Rampa N\u00e1utica Publica Jurer\u00ea&#038;t=&#038;z=12&#038;ie=UTF8&#038;output=embed\"\n\t\t\t\t\t\tstyle=\"border:0;width:100%;max-width:none;max-height:none;height:100%;\"\n\t\t\t\t\t\taria-hidden=\"false\"\n\t\t\t\t\t\ttabindex=\"0\"\n\t\t\t\t\t\tallowfullscreen\n\t\t\t\t\t\tloading=\"lazy\"\n\t\t\t\t\t\tframeborder=\"0\"\n\t\t\t\t\t><\/iframe><\/div>\n<\/div><\/div><\/div>\n<\/div><\/div>","protected":false},"excerpt":{"rendered":"<p>Praia de Jurer\u00ea Jurer\u00ea \u00e9 uma das praias mais sofisticadas e desejadas de Florian\u00f3polis. O cen\u00e1rio combina mar calmo, faixa de areia bem cuidada e um visual elegante, perfeito para ensaios com estilo mais refinado, moderno e com aquela vibe de viagem premium. Ponto de Encontro Rampa N\u00e1utica Publica Jurer\u00eaR. Prof. Heinz Braunsperger, 119, Jurer\u00ea, [&hellip;]<\/p>\n","protected":false},"author":4,"featured_media":0,"parent":5417,"menu_order":1,"comment_status":"closed","ping_status":"closed","template":"","meta":{"footnotes":""},"class_list":["post-5885","page","type-page","status-publish","hentry"],"blocksy_meta":{"disable_header":"yes","disable_footer":"yes","has_hero_section":"disabled","styles_descriptor":{"styles":{"desktop":"","tablet":"","mobile":""},"google_fonts":[],"version":6}},"_links":{"self":[{"href":"https:\/\/fotofloripa.estudion2.com.br\/es\/wp-json\/wp\/v2\/pages\/5885","targetHints":{"allow":["GET"]}}],"collection":[{"href":"https:\/\/fotofloripa.estudion2.com.br\/es\/wp-json\/wp\/v2\/pages"}],"about":[{"href":"https:\/\/fotofloripa.estudion2.com.br\/es\/wp-json\/wp\/v2\/types\/page"}],"author":[{"embeddable":true,"href":"https:\/\/fotofloripa.estudion2.com.br\/es\/wp-json\/wp\/v2\/users\/4"}],"replies":[{"embeddable":true,"href":"https:\/\/fotofloripa.estudion2.com.br\/es\/wp-json\/wp\/v2\/comments?post=5885"}],"version-history":[{"count":1,"href":"https:\/\/fotofloripa.estudion2.com.br\/es\/wp-json\/wp\/v2\/pages\/5885\/revisions"}],"predecessor-version":[{"id":6433,"href":"https:\/\/fotofloripa.estudion2.com.br\/es\/wp-json\/wp\/v2\/pages\/5885\/revisions\/6433"}],"up":[{"embeddable":true,"href":"https:\/\/fotofloripa.estudion2.com.br\/es\/wp-json\/wp\/v2\/pages\/5417"}],"wp:attachment":[{"href":"https:\/\/fotofloripa.estudion2.com.br\/es\/wp-json\/wp\/v2\/media?parent=5885"}],"curies":[{"name":"wp","href":"https:\/\/api.w.org\/{rel}","templated":true}]}}